{"id":2426,"date":"2021-08-25T10:45:18","date_gmt":"2021-08-25T10:45:18","guid":{"rendered":"https:\/\/proecotur.ro\/respect-pentru-apa-respect-pentru-peste\/?page_id=2426"},"modified":"2021-08-25T14:28:37","modified_gmt":"2021-08-25T14:28:37","slug":"donatii-proiect","status":"publish","type":"page","link":"https:\/\/proecotur.ro\/respect-pentru-apa-respect-pentru-peste\/donatii-proiect\/","title":{"rendered":"Dona\u021bii Proiect"},"content":{"rendered":"<p>[vc_row][vc_column][vc_column_text]Dup\u0103 finalizarea proiectului, activit\u0103\u021bile de con\u0219tientizare \u0219i de educare vor fi continuate \u00een anii urm\u0103tori de c\u0103tre <strong>ASOCIA\u021aIA PENTRU ECOLOGIE \u0218I TURISM\u00a0 <img loading=\"lazy\" decoding=\"async\" class=\"alignnone wp-image-2437\" src=\"https:\/\/proecotur.ro\/respect-pentru-apa-respect-pentru-peste\/wp-content\/uploads\/2021\/08\/proecotur-150x150.png\" alt=\"\" width=\"110\" height=\"17\" srcset=\"https:\/\/proecotur.ro\/respect-pentru-apa-respect-pentru-peste\/wp-content\/uploads\/2021\/08\/proecotur-300x46.png 300w, https:\/\/proecotur.ro\/respect-pentru-apa-respect-pentru-peste\/wp-content\/uploads\/2021\/08\/proecotur-1024x158.png 1024w, https:\/\/proecotur.ro\/respect-pentru-apa-respect-pentru-peste\/wp-content\/uploads\/2021\/08\/proecotur-768x118.png 768w, https:\/\/proecotur.ro\/respect-pentru-apa-respect-pentru-peste\/wp-content\/uploads\/2021\/08\/proecotur-1536x237.png 1536w, https:\/\/proecotur.ro\/respect-pentru-apa-respect-pentru-peste\/wp-content\/uploads\/2021\/08\/proecotur-2048x316.png 2048w\" sizes=\"auto, (max-width: 110px) 100vw, 110px\" \/><\/strong>\u00a0din fonduri proprii.<\/p>\n<p>De aceea, invit\u0103m pe to\u021bi cei interesa\u021bi \u00een protejarea mediului natural \u0219i\/sau conservarea vechilor tradi\u021bii rom\u00e2ne\u0219ti, de a se implica ca voluntari sau de a sprijini financiar continuarea implement\u0103rii \u0219i \u00een anii urm\u0103tori a proiectului <strong><em>\u201cRespect pentru ap\u0103, respect pentru pe\u0219te\u201d<\/em><\/strong>.<\/p>\n<p>Pentru detalii suplimentare sau alte informa\u021bii, pute\u021bi contacta Asocia\u021bia la adresa de e-mail: <a href=\"mailto:proecotur.oc@gmail.com\">proecotur.oc@gmail.com<\/a>.[\/vc_column_text][\/vc_column][\/vc_row]<\/p>\n","protected":false},"excerpt":{"rendered":"<p>[vc_row][vc_column][vc_column_text]Dup\u0103 finalizarea proiectului, activit\u0103\u021bile de con\u0219tientizare \u0219i de educare vor fi continuate \u00een anii urm\u0103tori de c\u0103tre ASOCIA\u021aIA PENTRU ECOLOGIE \u0218I TURISM\u00a0 [&hellip;]<\/p>\n","protected":false},"author":1,"featured_media":0,"parent":0,"menu_order":0,"comment_status":"closed","ping_status":"closed","template":"","meta":{"footnotes":""},"categories":[],"tags":[],"class_list":["post-2426","page","type-page","status-publish","hentry"],"_links":{"self":[{"href":"https:\/\/proecotur.ro\/respect-pentru-apa-respect-pentru-peste\/wp-json\/wp\/v2\/pages\/2426","targetHints":{"allow":["GET"]}}],"collection":[{"href":"https:\/\/proecotur.ro\/respect-pentru-apa-respect-pentru-peste\/wp-json\/wp\/v2\/pages"}],"about":[{"href":"https:\/\/proecotur.ro\/respect-pentru-apa-respect-pentru-peste\/wp-json\/wp\/v2\/types\/page"}],"author":[{"embeddable":true,"href":"https:\/\/proecotur.ro\/respect-pentru-apa-respect-pentru-peste\/wp-json\/wp\/v2\/users\/1"}],"replies":[{"embeddable":true,"href":"https:\/\/proecotur.ro\/respect-pentru-apa-respect-pentru-peste\/wp-json\/wp\/v2\/comments?post=2426"}],"version-history":[{"count":5,"href":"https:\/\/proecotur.ro\/respect-pentru-apa-respect-pentru-peste\/wp-json\/wp\/v2\/pages\/2426\/revisions"}],"predecessor-version":[{"id":2582,"href":"https:\/\/proecotur.ro\/respect-pentru-apa-respect-pentru-peste\/wp-json\/wp\/v2\/pages\/2426\/revisions\/2582"}],"wp:attachment":[{"href":"https:\/\/proecotur.ro\/respect-pentru-apa-respect-pentru-peste\/wp-json\/wp\/v2\/media?parent=2426"}],"wp:term":[{"taxonomy":"category","embeddable":true,"href":"https:\/\/proecotur.ro\/respect-pentru-apa-respect-pentru-peste\/wp-json\/wp\/v2\/categories?post=2426"},{"taxonomy":"post_tag","embeddable":true,"href":"https:\/\/proecotur.ro\/respect-pentru-apa-respect-pentru-peste\/wp-json\/wp\/v2\/tags?post=2426"}],"curies":[{"name":"wp","href":"https:\/\/api.w.org\/{rel}","templated":true}]}}