{"id":17370,"date":"2021-07-26T13:05:52","date_gmt":"2021-07-26T13:05:52","guid":{"rendered":"https:\/\/proecotur.ro\/?page_id=17370"},"modified":"2023-07-26T07:42:32","modified_gmt":"2023-07-26T07:42:32","slug":"informare-initiala","status":"publish","type":"page","link":"https:\/\/proecotur.ro\/instruirea-pescarilor-comerciali-sansa-zilei-de-maine\/informare-initiala\/","title":{"rendered":"Informare initiala"},"content":{"rendered":"\t\t<div data-elementor-type=\"wp-page\" data-elementor-id=\"17370\" class=\"elementor elementor-17370\" data-elementor-post-type=\"page\">\n\t\t\t\t\t\t\t        <section class=\"elementor-section elementor-top-section elementor-element elementor-element-7e8d8a3 elementor-section-boxed elementor-section-height-default elementor-section-height-default\" data-id=\"7e8d8a3\" data-element_type=\"section\">\n\t\t\n\t\t        <div class=\"elementor-container elementor-column-gap-default \" >\n\t\t        <div class=\"elementor-column elementor-col-100 elementor-top-column elementor-element elementor-element-5b0f0ba\" data-id=\"5b0f0ba\" data-element_type=\"column\">\n        <div class=\"elementor-widget-wrap elementor-element-populated\">\n                        \t\t<div class=\"elementor-element elementor-element-c5f479c elementor-widget elementor-widget-text-editor\" data-id=\"c5f479c\" data-element_type=\"widget\" data-widget_type=\"text-editor.default\">\n\t\t\t\t<div class=\"elementor-widget-container\">\n\t\t\t<style>\/*! elementor - v3.16.0 - 20-09-2023 *\/\n.elementor-widget-text-editor.elementor-drop-cap-view-stacked .elementor-drop-cap{background-color:#69727d;color:#fff}.elementor-widget-text-editor.elementor-drop-cap-view-framed .elementor-drop-cap{color:#69727d;border:3px solid;background-color:transparent}.elementor-widget-text-editor:not(.elementor-drop-cap-view-default) .elementor-drop-cap{margin-top:8px}.elementor-widget-text-editor:not(.elementor-drop-cap-view-default) .elementor-drop-cap-letter{width:1em;height:1em}.elementor-widget-text-editor .elementor-drop-cap{float:left;text-align:center;line-height:1;font-size:50px}.elementor-widget-text-editor .elementor-drop-cap-letter{display:inline-block}<\/style>\t\t\t\t<p>\u00cen luna decembrie 2022, au \u00eenceput deplas\u0103rile \u00een comunit\u0103\u021bile locale din cele 11 UAT-uri din zona Zona Pesc\u0103reasc\u0103 \u201dPrut \u2013 Dun\u0103re\u201d Gala\u021bi, fiind afi\u0219ate \u00een loc vizibil la \u0219coli, prim\u0103rii, c\u0103mine culturale, magazine \u0219i nu numai, postere A3, pentru sporirea gradului de con\u0219tientizare al comunit\u0103\u021bilor locale asupra activit\u0103\u021bilor proiectului.<\/p><p>\u00cen anul 2023 au fost continuate activit\u0103\u021bile de informare ini\u021bial\u0103.<\/p>\t\t\t\t\t\t<\/div>\n\t\t\t\t<\/div>\n\t\t        <\/div>\n        <\/div>\n        \t\t        <\/div>\n        <\/section>\n\t\t        <section class=\"elementor-section elementor-top-section elementor-element elementor-element-372f155 elementor-section-boxed elementor-section-height-default elementor-section-height-default\" data-id=\"372f155\" data-element_type=\"section\">\n\t\t\n\t\t        <div class=\"elementor-container elementor-column-gap-default \" >\n\t\t        <div class=\"elementor-column elementor-col-100 elementor-top-column elementor-element elementor-element-40eac96\" data-id=\"40eac96\" data-element_type=\"column\">\n        <div class=\"elementor-widget-wrap elementor-element-populated\">\n                        \t\t<div class=\"elementor-element elementor-element-d1e33b4 elementor-widget elementor-widget-gallery\" data-id=\"d1e33b4\" data-element_type=\"widget\" data-settings=\"{&quot;lazyload&quot;:&quot;yes&quot;,&quot;gallery_layout&quot;:&quot;grid&quot;,&quot;columns&quot;:4,&quot;columns_tablet&quot;:2,&quot;columns_mobile&quot;:1,&quot;gap&quot;:{&quot;unit&quot;:&quot;px&quot;,&quot;size&quot;:10,&quot;sizes&quot;:[]},&quot;gap_tablet&quot;:{&quot;unit&quot;:&quot;px&quot;,&quot;size&quot;:10,&quot;sizes&quot;:[]},&quot;gap_mobile&quot;:{&quot;unit&quot;:&quot;px&quot;,&quot;size&quot;:10,&quot;sizes&quot;:[]},&quot;link_to&quot;:&quot;file&quot;,&quot;aspect_ratio&quot;:&quot;3:2&quot;,&quot;overlay_background&quot;:&quot;yes&quot;,&quot;content_hover_animation&quot;:&quot;fade-in&quot;}\" data-widget_type=\"gallery.default\">\n\t\t\t\t<div class=\"elementor-widget-container\">\n\t\t\t<style>\/*! elementor-pro - v3.14.0 - 26-06-2023 *\/\n.elementor-gallery__container{min-height:1px}.elementor-gallery-item{position:relative;overflow:hidden;display:block;text-decoration:none;border:solid var(--image-border-width) var(--image-border-color);border-radius:var(--image-border-radius)}.elementor-gallery-item__content,.elementor-gallery-item__overlay{height:100%;width:100%;position:absolute;top:0;left:0}.elementor-gallery-item__overlay{mix-blend-mode:var(--overlay-mix-blend-mode);transition-duration:var(--overlay-transition-duration);transition-property:mix-blend-mode,transform,opacity,background-color}.elementor-gallery-item__image.e-gallery-image{transition-duration:var(--image-transition-duration);transition-property:filter,transform}.elementor-gallery-item__content{display:flex;flex-direction:column;justify-content:var(--content-justify-content,center);align-items:center;text-align:var(--content-text-align);padding:var(--content-padding)}.elementor-gallery-item__content>div{transition-duration:var(--content-transition-duration)}.elementor-gallery-item__content.elementor-gallery--sequenced-animation>div:nth-child(2){transition-delay:calc(var(--content-transition-delay) \/ 3)}.elementor-gallery-item__content.elementor-gallery--sequenced-animation>div:nth-child(3){transition-delay:calc(var(--content-transition-delay) \/ 3 * 2)}.elementor-gallery-item__content.elementor-gallery--sequenced-animation>div:nth-child(4){transition-delay:calc(var(--content-transition-delay) \/ 3 * 3)}.elementor-gallery-item__description{color:var(--description-text-color,#fff);width:100%}.elementor-gallery-item__title{color:var(--title-text-color,#fff);font-weight:700;width:100%}.elementor-gallery__titles-container{display:flex;flex-wrap:wrap;justify-content:var(--titles-container-justify-content,center);margin-bottom:20px}.elementor-gallery__titles-container:not(.e--pointer-framed) .elementor-item:after,.elementor-gallery__titles-container:not(.e--pointer-framed) .elementor-item:before{background-color:var(--galleries-pointer-bg-color-hover)}.elementor-gallery__titles-container:not(.e--pointer-framed) .elementor-item.elementor-item-active:after,.elementor-gallery__titles-container:not(.e--pointer-framed) .elementor-item.elementor-item-active:before{background-color:var(--galleries-pointer-bg-color-active)}.elementor-gallery__titles-container.e--pointer-framed .elementor-item:before{border-color:var(--galleries-pointer-bg-color-hover);border-width:var(--galleries-pointer-border-width)}.elementor-gallery__titles-container.e--pointer-framed .elementor-item:after{border-color:var(--galleries-pointer-bg-color-hover)}.elementor-gallery__titles-container.e--pointer-framed .elementor-item.elementor-item-active:after,.elementor-gallery__titles-container.e--pointer-framed .elementor-item.elementor-item-active:before{border-color:var(--galleries-pointer-bg-color-active)}.elementor-gallery__titles-container.e--pointer-framed.e--animation-draw .elementor-item:before{border-left-width:var(--galleries-pointer-border-width);border-bottom-width:var(--galleries-pointer-border-width);border-right-width:0;border-top-width:0}.elementor-gallery__titles-container.e--pointer-framed.e--animation-draw .elementor-item:after{border-left-width:0;border-bottom-width:0;border-right-width:var(--galleries-pointer-border-width);border-top-width:var(--galleries-pointer-border-width)}.elementor-gallery__titles-container.e--pointer-framed.e--animation-corners .elementor-item:before{border-left-width:var(--galleries-pointer-border-width);border-bottom-width:0;border-right-width:0;border-top-width:var(--galleries-pointer-border-width)}.elementor-gallery__titles-container.e--pointer-framed.e--animation-corners .elementor-item:after{border-left-width:0;border-bottom-width:var(--galleries-pointer-border-width);border-right-width:var(--galleries-pointer-border-width);border-top-width:0}.elementor-gallery__titles-container .e--pointer-double-line .elementor-item:after,.elementor-gallery__titles-container .e--pointer-double-line .elementor-item:before,.elementor-gallery__titles-container .e--pointer-overline .elementor-item:before,.elementor-gallery__titles-container .e--pointer-underline .elementor-item:after{height:var(--galleries-pointer-border-width)}.elementor-gallery-title{--space-between:10px;cursor:pointer;color:#6d7882;font-weight:500;position:relative;padding:7px 14px;transition:all .3s}.elementor-gallery-title--active{color:#495157}.elementor-gallery-title:not(:last-child){margin-right:var(--space-between)}.elementor-gallery-item__title+.elementor-gallery-item__description{margin-top:var(--description-margin-top)}.e-gallery-item.elementor-gallery-item{transition-property:all}.e-gallery-item.elementor-animated-content .elementor-animated-item--enter-from-bottom,.e-gallery-item.elementor-animated-content .elementor-animated-item--enter-from-left,.e-gallery-item.elementor-animated-content .elementor-animated-item--enter-from-right,.e-gallery-item.elementor-animated-content .elementor-animated-item--enter-from-top,.e-gallery-item:focus .elementor-gallery__item-overlay-bg,.e-gallery-item:focus .elementor-gallery__item-overlay-content,.e-gallery-item:focus .elementor-gallery__item-overlay-content__description,.e-gallery-item:focus .elementor-gallery__item-overlay-content__title,.e-gallery-item:hover .elementor-gallery__item-overlay-bg,.e-gallery-item:hover .elementor-gallery__item-overlay-content,.e-gallery-item:hover .elementor-gallery__item-overlay-content__description,.e-gallery-item:hover .elementor-gallery__item-overlay-content__title{opacity:1}a.elementor-item.elementor-gallery-title{color:var(--galleries-title-color-normal)}a.elementor-item.elementor-gallery-title.elementor-item-active,a.elementor-item.elementor-gallery-title.highlighted,a.elementor-item.elementor-gallery-title:focus,a.elementor-item.elementor-gallery-title:hover{color:var(--galleries-title-color-hover)}a.elementor-item.elementor-gallery-title.elementor-item-active{color:var(--gallery-title-color-active)}.e-con-inner>.elementor-widget-gallery,.e-con>.elementor-widget-gallery{width:var(--container-widget-width);--flex-grow:var(--container-widget-flex-grow)}<\/style>\t\t<div class=\"elementor-gallery__container\">\n\t\t\t\t\t\t\t<a class=\"e-gallery-item elementor-gallery-item elementor-animated-content\" href=\"https:\/\/proecotur.ro\/instruirea-pescarilor-comerciali-sansa-zilei-de-maine\/wp-content\/uploads\/2023\/07\/20230119_082320-scaled.jpg\" data-elementor-open-lightbox=\"yes\" data-elementor-lightbox-slideshow=\"d1e33b4\" data-elementor-lightbox-title=\"20230119_082320\" data-e-action-hash=\"#elementor-action%3Aaction%3Dlightbox%26settings%3DeyJpZCI6MTc2ODUsInVybCI6Imh0dHBzOlwvXC9wcm9lY290dXIucm9cL2luc3RydWlyZWEtcGVzY2FyaWxvci1jb21lcmNpYWxpLXNhbnNhLXppbGVpLWRlLW1haW5lXC93cC1jb250ZW50XC91cGxvYWRzXC8yMDIzXC8wN1wvMjAyMzAxMTlfMDgyMzIwLXNjYWxlZC5qcGciLCJzbGlkZXNob3ciOiJkMWUzM2I0In0%3D\">\n\t\t\t\t\t<div class=\"e-gallery-image elementor-gallery-item__image\" data-thumbnail=\"https:\/\/proecotur.ro\/instruirea-pescarilor-comerciali-sansa-zilei-de-maine\/wp-content\/uploads\/2023\/07\/20230119_082320-300x225.jpg\" data-width=\"300\" data-height=\"225\" aria-label=\"\" role=\"img\" ><\/div>\n\t\t\t\t\t\t\t\t\t\t\t<div class=\"elementor-gallery-item__overlay\"><\/div>\n\t\t\t\t\t\t\t\t\t\t\t\t\t\t<\/a>\n\t\t\t\t\t\t\t<a class=\"e-gallery-item elementor-gallery-item elementor-animated-content\" href=\"https:\/\/proecotur.ro\/instruirea-pescarilor-comerciali-sansa-zilei-de-maine\/wp-content\/uploads\/2023\/07\/20230125_084331-scaled.jpg\" data-elementor-open-lightbox=\"yes\" data-elementor-lightbox-slideshow=\"d1e33b4\" data-elementor-lightbox-title=\"20230125_084331\" data-e-action-hash=\"#elementor-action%3Aaction%3Dlightbox%26settings%3DeyJpZCI6MTc2ODYsInVybCI6Imh0dHBzOlwvXC9wcm9lY290dXIucm9cL2luc3RydWlyZWEtcGVzY2FyaWxvci1jb21lcmNpYWxpLXNhbnNhLXppbGVpLWRlLW1haW5lXC93cC1jb250ZW50XC91cGxvYWRzXC8yMDIzXC8wN1wvMjAyMzAxMjVfMDg0MzMxLXNjYWxlZC5qcGciLCJzbGlkZXNob3ciOiJkMWUzM2I0In0%3D\">\n\t\t\t\t\t<div class=\"e-gallery-image elementor-gallery-item__image\" data-thumbnail=\"https:\/\/proecotur.ro\/instruirea-pescarilor-comerciali-sansa-zilei-de-maine\/wp-content\/uploads\/2023\/07\/20230125_084331-225x300.jpg\" data-width=\"225\" data-height=\"300\" aria-label=\"\" role=\"img\" ><\/div>\n\t\t\t\t\t\t\t\t\t\t\t<div class=\"elementor-gallery-item__overlay\"><\/div>\n\t\t\t\t\t\t\t\t\t\t\t\t\t\t<\/a>\n\t\t\t\t\t\t\t<a class=\"e-gallery-item elementor-gallery-item elementor-animated-content\" href=\"https:\/\/proecotur.ro\/instruirea-pescarilor-comerciali-sansa-zilei-de-maine\/wp-content\/uploads\/2023\/07\/20230207_112825-scaled.jpg\" data-elementor-open-lightbox=\"yes\" data-elementor-lightbox-slideshow=\"d1e33b4\" data-elementor-lightbox-title=\"20230207_112825\" data-e-action-hash=\"#elementor-action%3Aaction%3Dlightbox%26settings%3DeyJpZCI6MTc2ODcsInVybCI6Imh0dHBzOlwvXC9wcm9lY290dXIucm9cL2luc3RydWlyZWEtcGVzY2FyaWxvci1jb21lcmNpYWxpLXNhbnNhLXppbGVpLWRlLW1haW5lXC93cC1jb250ZW50XC91cGxvYWRzXC8yMDIzXC8wN1wvMjAyMzAyMDdfMTEyODI1LXNjYWxlZC5qcGciLCJzbGlkZXNob3ciOiJkMWUzM2I0In0%3D\">\n\t\t\t\t\t<div class=\"e-gallery-image elementor-gallery-item__image\" data-thumbnail=\"https:\/\/proecotur.ro\/instruirea-pescarilor-comerciali-sansa-zilei-de-maine\/wp-content\/uploads\/2023\/07\/20230207_112825-300x225.jpg\" data-width=\"300\" data-height=\"225\" aria-label=\"\" role=\"img\" ><\/div>\n\t\t\t\t\t\t\t\t\t\t\t<div class=\"elementor-gallery-item__overlay\"><\/div>\n\t\t\t\t\t\t\t\t\t\t\t\t\t\t<\/a>\n\t\t\t\t\t\t\t<a class=\"e-gallery-item elementor-gallery-item elementor-animated-content\" href=\"https:\/\/proecotur.ro\/instruirea-pescarilor-comerciali-sansa-zilei-de-maine\/wp-content\/uploads\/2023\/07\/20230207_113850-scaled.jpg\" data-elementor-open-lightbox=\"yes\" data-elementor-lightbox-slideshow=\"d1e33b4\" data-elementor-lightbox-title=\"20230207_113850\" data-e-action-hash=\"#elementor-action%3Aaction%3Dlightbox%26settings%3DeyJpZCI6MTc2ODgsInVybCI6Imh0dHBzOlwvXC9wcm9lY290dXIucm9cL2luc3RydWlyZWEtcGVzY2FyaWxvci1jb21lcmNpYWxpLXNhbnNhLXppbGVpLWRlLW1haW5lXC93cC1jb250ZW50XC91cGxvYWRzXC8yMDIzXC8wN1wvMjAyMzAyMDdfMTEzODUwLXNjYWxlZC5qcGciLCJzbGlkZXNob3ciOiJkMWUzM2I0In0%3D\">\n\t\t\t\t\t<div class=\"e-gallery-image elementor-gallery-item__image\" data-thumbnail=\"https:\/\/proecotur.ro\/instruirea-pescarilor-comerciali-sansa-zilei-de-maine\/wp-content\/uploads\/2023\/07\/20230207_113850-300x225.jpg\" data-width=\"300\" data-height=\"225\" aria-label=\"\" role=\"img\" ><\/div>\n\t\t\t\t\t\t\t\t\t\t\t<div class=\"elementor-gallery-item__overlay\"><\/div>\n\t\t\t\t\t\t\t\t\t\t\t\t\t\t<\/a>\n\t\t\t\t\t\t\t<a class=\"e-gallery-item elementor-gallery-item elementor-animated-content\" href=\"https:\/\/proecotur.ro\/instruirea-pescarilor-comerciali-sansa-zilei-de-maine\/wp-content\/uploads\/2023\/07\/20230207_120318-scaled.jpg\" data-elementor-open-lightbox=\"yes\" data-elementor-lightbox-slideshow=\"d1e33b4\" data-elementor-lightbox-title=\"20230207_120318\" data-e-action-hash=\"#elementor-action%3Aaction%3Dlightbox%26settings%3DeyJpZCI6MTc2ODksInVybCI6Imh0dHBzOlwvXC9wcm9lY290dXIucm9cL2luc3RydWlyZWEtcGVzY2FyaWxvci1jb21lcmNpYWxpLXNhbnNhLXppbGVpLWRlLW1haW5lXC93cC1jb250ZW50XC91cGxvYWRzXC8yMDIzXC8wN1wvMjAyMzAyMDdfMTIwMzE4LXNjYWxlZC5qcGciLCJzbGlkZXNob3ciOiJkMWUzM2I0In0%3D\">\n\t\t\t\t\t<div class=\"e-gallery-image elementor-gallery-item__image\" data-thumbnail=\"https:\/\/proecotur.ro\/instruirea-pescarilor-comerciali-sansa-zilei-de-maine\/wp-content\/uploads\/2023\/07\/20230207_120318-300x225.jpg\" data-width=\"300\" data-height=\"225\" aria-label=\"\" role=\"img\" ><\/div>\n\t\t\t\t\t\t\t\t\t\t\t<div class=\"elementor-gallery-item__overlay\"><\/div>\n\t\t\t\t\t\t\t\t\t\t\t\t\t\t<\/a>\n\t\t\t\t\t\t\t<a class=\"e-gallery-item elementor-gallery-item elementor-animated-content\" href=\"https:\/\/proecotur.ro\/instruirea-pescarilor-comerciali-sansa-zilei-de-maine\/wp-content\/uploads\/2023\/07\/20230213_120822-scaled.jpg\" data-elementor-open-lightbox=\"yes\" data-elementor-lightbox-slideshow=\"d1e33b4\" data-elementor-lightbox-title=\"20230213_120822\" data-e-action-hash=\"#elementor-action%3Aaction%3Dlightbox%26settings%3DeyJpZCI6MTc2OTAsInVybCI6Imh0dHBzOlwvXC9wcm9lY290dXIucm9cL2luc3RydWlyZWEtcGVzY2FyaWxvci1jb21lcmNpYWxpLXNhbnNhLXppbGVpLWRlLW1haW5lXC93cC1jb250ZW50XC91cGxvYWRzXC8yMDIzXC8wN1wvMjAyMzAyMTNfMTIwODIyLXNjYWxlZC5qcGciLCJzbGlkZXNob3ciOiJkMWUzM2I0In0%3D\">\n\t\t\t\t\t<div class=\"e-gallery-image elementor-gallery-item__image\" data-thumbnail=\"https:\/\/proecotur.ro\/instruirea-pescarilor-comerciali-sansa-zilei-de-maine\/wp-content\/uploads\/2023\/07\/20230213_120822-225x300.jpg\" data-width=\"225\" data-height=\"300\" aria-label=\"\" role=\"img\" ><\/div>\n\t\t\t\t\t\t\t\t\t\t\t<div class=\"elementor-gallery-item__overlay\"><\/div>\n\t\t\t\t\t\t\t\t\t\t\t\t\t\t<\/a>\n\t\t\t\t\t\t\t<a class=\"e-gallery-item elementor-gallery-item elementor-animated-content\" href=\"https:\/\/proecotur.ro\/instruirea-pescarilor-comerciali-sansa-zilei-de-maine\/wp-content\/uploads\/2023\/07\/20230213_152933-scaled.jpg\" data-elementor-open-lightbox=\"yes\" data-elementor-lightbox-slideshow=\"d1e33b4\" data-elementor-lightbox-title=\"20230213_152933\" data-e-action-hash=\"#elementor-action%3Aaction%3Dlightbox%26settings%3DeyJpZCI6MTc2OTEsInVybCI6Imh0dHBzOlwvXC9wcm9lY290dXIucm9cL2luc3RydWlyZWEtcGVzY2FyaWxvci1jb21lcmNpYWxpLXNhbnNhLXppbGVpLWRlLW1haW5lXC93cC1jb250ZW50XC91cGxvYWRzXC8yMDIzXC8wN1wvMjAyMzAyMTNfMTUyOTMzLXNjYWxlZC5qcGciLCJzbGlkZXNob3ciOiJkMWUzM2I0In0%3D\">\n\t\t\t\t\t<div class=\"e-gallery-image elementor-gallery-item__image\" data-thumbnail=\"https:\/\/proecotur.ro\/instruirea-pescarilor-comerciali-sansa-zilei-de-maine\/wp-content\/uploads\/2023\/07\/20230213_152933-225x300.jpg\" data-width=\"225\" data-height=\"300\" aria-label=\"\" role=\"img\" ><\/div>\n\t\t\t\t\t\t\t\t\t\t\t<div class=\"elementor-gallery-item__overlay\"><\/div>\n\t\t\t\t\t\t\t\t\t\t\t\t\t\t<\/a>\n\t\t\t\t\t<\/div>\n\t\t\t<\/div>\n\t\t\t\t<\/div>\n\t\t        <\/div>\n        <\/div>\n        \t\t        <\/div>\n        <\/section>\n\t\t\t\t\t\t\t<\/div>\n\t\t","protected":false},"excerpt":{"rendered":"<p>\u00cen luna decembrie 2022, au \u00eenceput deplas\u0103rile \u00een comunit\u0103\u021bile locale din cele 11 UAT-uri din zona Zona Pesc\u0103reasc\u0103 \u201dPrut \u2013 Dun\u0103re\u201d Gala\u021bi, fiind afi\u0219ate \u00een loc vizibil la \u0219coli, prim\u0103rii, c\u0103mine culturale, magazine \u0219i nu numai, postere A3, pentru sporirea gradului de con\u0219tientizare al comunit\u0103\u021bilor locale asupra activit\u0103\u021bilor proiectului. \u00cen anul 2023 au fost continuate [&hellip;]<\/p>\n","protected":false},"author":1,"featured_media":0,"parent":0,"menu_order":0,"comment_status":"closed","ping_status":"closed","template":"","meta":{"footnotes":""},"_links":{"self":[{"href":"https:\/\/proecotur.ro\/instruirea-pescarilor-comerciali-sansa-zilei-de-maine\/wp-json\/wp\/v2\/pages\/17370"}],"collection":[{"href":"https:\/\/proecotur.ro\/instruirea-pescarilor-comerciali-sansa-zilei-de-maine\/wp-json\/wp\/v2\/pages"}],"about":[{"href":"https:\/\/proecotur.ro\/instruirea-pescarilor-comerciali-sansa-zilei-de-maine\/wp-json\/wp\/v2\/types\/page"}],"author":[{"embeddable":true,"href":"https:\/\/proecotur.ro\/instruirea-pescarilor-comerciali-sansa-zilei-de-maine\/wp-json\/wp\/v2\/users\/1"}],"replies":[{"embeddable":true,"href":"https:\/\/proecotur.ro\/instruirea-pescarilor-comerciali-sansa-zilei-de-maine\/wp-json\/wp\/v2\/comments?post=17370"}],"version-history":[{"count":19,"href":"https:\/\/proecotur.ro\/instruirea-pescarilor-comerciali-sansa-zilei-de-maine\/wp-json\/wp\/v2\/pages\/17370\/revisions"}],"predecessor-version":[{"id":17694,"href":"https:\/\/proecotur.ro\/instruirea-pescarilor-comerciali-sansa-zilei-de-maine\/wp-json\/wp\/v2\/pages\/17370\/revisions\/17694"}],"wp:attachment":[{"href":"https:\/\/proecotur.ro\/instruirea-pescarilor-comerciali-sansa-zilei-de-maine\/wp-json\/wp\/v2\/media?parent=17370"}],"curies":[{"name":"wp","href":"https:\/\/api.w.org\/{rel}","templated":true}]}}