{"id":17035,"date":"2021-07-26T08:01:10","date_gmt":"2021-07-26T08:01:10","guid":{"rendered":"https:\/\/proecotur.ro\/?page_id=17035"},"modified":"2023-07-31T09:24:34","modified_gmt":"2023-07-31T09:24:34","slug":"despre-noi","status":"publish","type":"page","link":"https:\/\/proecotur.ro\/instruirea-pescarilor-comerciali-sansa-zilei-de-maine\/despre-noi\/","title":{"rendered":"Despre noi"},"content":{"rendered":"\t\t<div data-elementor-type=\"wp-page\" data-elementor-id=\"17035\" class=\"elementor elementor-17035\" data-elementor-post-type=\"page\">\n\t\t\t\t\t\t\t        <section class=\"elementor-section elementor-top-section elementor-element elementor-element-03189c1 elementor-section-boxed elementor-section-height-default elementor-section-height-default\" data-id=\"03189c1\" data-element_type=\"section\">\n\t\t\n\t\t        <div class=\"elementor-container elementor-column-gap-default \" >\n\t\t        <div class=\"elementor-column elementor-col-100 elementor-top-column elementor-element elementor-element-2342fe9\" data-id=\"2342fe9\" data-element_type=\"column\">\n        <div class=\"elementor-widget-wrap elementor-element-populated\">\n                        \t\t<div class=\"elementor-element elementor-element-14a4b86 elementor-widget elementor-widget-text-editor\" data-id=\"14a4b86\" data-element_type=\"widget\" data-widget_type=\"text-editor.default\">\n\t\t\t\t<div class=\"elementor-widget-container\">\n\t\t\t<style>\/*! elementor - v3.16.0 - 20-09-2023 *\/\n.elementor-widget-text-editor.elementor-drop-cap-view-stacked .elementor-drop-cap{background-color:#69727d;color:#fff}.elementor-widget-text-editor.elementor-drop-cap-view-framed .elementor-drop-cap{color:#69727d;border:3px solid;background-color:transparent}.elementor-widget-text-editor:not(.elementor-drop-cap-view-default) .elementor-drop-cap{margin-top:8px}.elementor-widget-text-editor:not(.elementor-drop-cap-view-default) .elementor-drop-cap-letter{width:1em;height:1em}.elementor-widget-text-editor .elementor-drop-cap{float:left;text-align:center;line-height:1;font-size:50px}.elementor-widget-text-editor .elementor-drop-cap-letter{display:inline-block}<\/style>\t\t\t\t<h4><strong>CINE SUNTEM ?<\/strong><\/h4><p><strong>\u00cempreun\u0103 suntem o for\u021b\u0103&#8230;<\/strong><\/p><p>Odat\u0103 cu \u00eenregistrarea Asocia\u021biei \u00een anul 2009, am \u00eenceput lupta \u00eentr-o form\u0103 organizat\u0103 pentru o \u021bar\u0103 curat\u0103, pentru un mediu curat \u0219i pentru o prietenie \u00eentre om \u0219i natur\u0103.<\/p><p>Aceast\u0103 lupt\u0103 este dus\u0103 \u0219i \u00een prezent prin intermediul campaniilor de educa\u021bie, a campaniilor de ecologizare \u0219i a campaniilor de reconstruc\u021bie forestier\u0103.<\/p><p>Din anul 2013 am \u00eenceput s\u0103 ne implic\u0103m \u00een proiecte de protejare a popula\u021biei piscicole a r\u00e2ului Prut, care reprezint\u0103 at\u00e2t grani\u021ba de est a Rom\u00e2niei c\u00e2t \u0219i a Uniunii Europene. De\u0219i am descoperit frumuse\u021bea\u00a0 de legend\u0103 a acestori locuri, am ajuns s\u0103 cunoa\u0219tem \u0219i s\u0103 con\u0219tientiz\u0103m \u0219i realitatea crud\u0103 a celor mai s\u0103race sate ale Rom\u00e2niei.<\/p><p>\u00cencep\u00e2nd din anii 2014 &#8211; 2015 am f\u0103cut un nou pas, poate cel mai greu dar \u0219i cel mai frumos \u00een aventura noastr\u0103, pornind ample proiecte sociale de sprijinire a persoanelor vulnerabile din mediul rural.<\/p><p>Am \u00eenfiin\u021bat filiale \u00een satele Rom\u00e2niei, unde am \u201dconstruit\u201d structuri de economie social\u0103 <strong>&#8211; ateliere manufacturiere &#8211;<\/strong> mici industrii locale (<em>pe c\u00e2nd \u00een Rom\u00e2nia nici m\u0103car nu exista \u00eenc\u0103 o legisla\u021bie \u00een domeniul economiei sociale<\/em>), am creat locuri de munc\u0103 pentru persoanele vulnerabile, am ajutat \u0219i am \u00eendrumat OAMENI, care \u0219i ei, dac\u0103 nu au moll-uri, nu au drumuri asfaltate, nu au gaze, nu au canalizare, nu au grup sanitar \u00een cas\u0103, sunt \u0219i ei semenii no\u0219tri, sunt Rom\u00e2ni, \u0219i cu riscul de a ne repeta, sunt OAMNEI.<\/p><p>Odat\u0103 cu venirea anului 2019 am \u00eenceput s\u0103 lucr\u0103m la conceperea \u0219i structurarea iar ulterior implementarea unui plan ambi\u021bios menit s\u0103 duc\u0103 la dezvoltarea socio-cultural\u0103 \u0219i economic\u0103 a comunit\u0103\u021bilor pesc\u0103re\u0219ti din Zona Pesc\u0103reasc\u0103 \u201dPrut \u2013 Dun\u0103re\u201d Gala\u021bi, prin dezvoltarea turismului \u0219i a activit\u0103\u021bilor conexe \u00een aceast\u0103 zon\u0103, dup\u0103 cum spuneam anterior de o frumuse\u021be legendar\u0103, dar din p\u0103cate de o s\u0103r\u0103cie crunt\u0103 \u0219i cu o speran\u021b\u0103 foarte mic\u0103 a comunit\u0103\u021bilor vizate c\u0103 ceva bun se va mai \u00eent\u00e2mpla \u00een via\u021ba lor.<\/p><p>Din p\u0103cate, anii pandemici 2020 \u0219i 2021 au reu\u0219it s\u0103 ne \u00eencurce planurile \u0219i s\u0103 ne \u00eent\u00e2rzie destul de mult, dar chiar dac\u0103 suntem \u00een urm\u0103 cu planurile f\u0103cute, noi suntem \u00een continuare optimi\u0219ti \u0219i siguri c\u0103 vom reu\u0219i mai devreme sau mai t\u00e2rziu \u00een realizarea obiectivelor noastre.<\/p>\t\t\t\t\t\t<\/div>\n\t\t\t\t<\/div>\n\t\t        <\/div>\n        <\/div>\n        \t\t        <\/div>\n        <\/section>\n\t\t\t\t\t\t\t<\/div>\n\t\t","protected":false},"excerpt":{"rendered":"<p>CINE SUNTEM ? \u00cempreun\u0103 suntem o for\u021b\u0103&#8230; Odat\u0103 cu \u00eenregistrarea Asocia\u021biei \u00een anul 2009, am \u00eenceput lupta \u00eentr-o form\u0103 organizat\u0103 pentru o \u021bar\u0103 curat\u0103, pentru un mediu curat \u0219i pentru o prietenie \u00eentre om \u0219i natur\u0103. Aceast\u0103 lupt\u0103 este dus\u0103 \u0219i \u00een prezent prin intermediul campaniilor de educa\u021bie, a campaniilor de ecologizare \u0219i a campaniilor [&hellip;]<\/p>\n","protected":false},"author":1,"featured_media":0,"parent":0,"menu_order":0,"comment_status":"closed","ping_status":"closed","template":"","meta":{"footnotes":""},"_links":{"self":[{"href":"https:\/\/proecotur.ro\/instruirea-pescarilor-comerciali-sansa-zilei-de-maine\/wp-json\/wp\/v2\/pages\/17035"}],"collection":[{"href":"https:\/\/proecotur.ro\/instruirea-pescarilor-comerciali-sansa-zilei-de-maine\/wp-json\/wp\/v2\/pages"}],"about":[{"href":"https:\/\/proecotur.ro\/instruirea-pescarilor-comerciali-sansa-zilei-de-maine\/wp-json\/wp\/v2\/types\/page"}],"author":[{"embeddable":true,"href":"https:\/\/proecotur.ro\/instruirea-pescarilor-comerciali-sansa-zilei-de-maine\/wp-json\/wp\/v2\/users\/1"}],"replies":[{"embeddable":true,"href":"https:\/\/proecotur.ro\/instruirea-pescarilor-comerciali-sansa-zilei-de-maine\/wp-json\/wp\/v2\/comments?post=17035"}],"version-history":[{"count":10,"href":"https:\/\/proecotur.ro\/instruirea-pescarilor-comerciali-sansa-zilei-de-maine\/wp-json\/wp\/v2\/pages\/17035\/revisions"}],"predecessor-version":[{"id":17769,"href":"https:\/\/proecotur.ro\/instruirea-pescarilor-comerciali-sansa-zilei-de-maine\/wp-json\/wp\/v2\/pages\/17035\/revisions\/17769"}],"wp:attachment":[{"href":"https:\/\/proecotur.ro\/instruirea-pescarilor-comerciali-sansa-zilei-de-maine\/wp-json\/wp\/v2\/media?parent=17035"}],"curies":[{"name":"wp","href":"https:\/\/api.w.org\/{rel}","templated":true}]}}