{"id":17009,"date":"2021-07-26T07:29:08","date_gmt":"2021-07-26T07:29:08","guid":{"rendered":"https:\/\/proecotur.ro\/?page_id=17009"},"modified":"2023-07-31T09:28:11","modified_gmt":"2023-07-31T09:28:11","slug":"despre-proiect","status":"publish","type":"page","link":"https:\/\/proecotur.ro\/instruirea-pescarilor-comerciali-sansa-zilei-de-maine\/despre-proiect\/","title":{"rendered":"Despre proiect"},"content":{"rendered":"\t\t<div data-elementor-type=\"wp-page\" data-elementor-id=\"17009\" class=\"elementor elementor-17009\" data-elementor-post-type=\"page\">\n\t\t\t\t\t\t\t        <section class=\"elementor-section elementor-top-section elementor-element elementor-element-2b7b59c elementor-section-boxed elementor-section-height-default elementor-section-height-default\" data-id=\"2b7b59c\" data-element_type=\"section\">\n\t\t\n\t\t        <div class=\"elementor-container elementor-column-gap-default \" >\n\t\t        <div class=\"elementor-column elementor-col-50 elementor-top-column elementor-element elementor-element-bbb4e30\" data-id=\"bbb4e30\" data-element_type=\"column\">\n        <div class=\"elementor-widget-wrap elementor-element-populated\">\n                        \t\t<div class=\"elementor-element elementor-element-dbb30c5 elementor-widget elementor-widget-text-editor\" data-id=\"dbb30c5\" data-element_type=\"widget\" data-widget_type=\"text-editor.default\">\n\t\t\t\t<div class=\"elementor-widget-container\">\n\t\t\t<style>\/*! elementor - v3.16.0 - 20-09-2023 *\/\n.elementor-widget-text-editor.elementor-drop-cap-view-stacked .elementor-drop-cap{background-color:#69727d;color:#fff}.elementor-widget-text-editor.elementor-drop-cap-view-framed .elementor-drop-cap{color:#69727d;border:3px solid;background-color:transparent}.elementor-widget-text-editor:not(.elementor-drop-cap-view-default) .elementor-drop-cap{margin-top:8px}.elementor-widget-text-editor:not(.elementor-drop-cap-view-default) .elementor-drop-cap-letter{width:1em;height:1em}.elementor-widget-text-editor .elementor-drop-cap{float:left;text-align:center;line-height:1;font-size:50px}.elementor-widget-text-editor .elementor-drop-cap-letter{display:inline-block}<\/style>\t\t\t\t<h4><strong>LOCALIZAREA PROIECTULUI<\/strong><\/h4><p>\u00a0<\/p><p>Proiectul se va implementa \u00een toata zona pesc\u0103reasc\u0103 Prut \u2013 Dun\u0103re Gala\u021bi, reprezentat\u0103 de cele 11 UAT-uri: Cavadine\u0219ti, Suceveni, Oancea, Vlade\u0219ti, M\u0103st\u0103cani, Folte\u0219ti, Frumu\u0219i\u021ba, Tuluce\u0219ti, Gala\u021bi, \u0218endreni \u0219i Brani\u0219tea.<\/p>\t\t\t\t\t\t<\/div>\n\t\t\t\t<\/div>\n\t\t        <\/div>\n        <\/div>\n                <div class=\"elementor-column elementor-col-50 elementor-top-column elementor-element elementor-element-49fd53b\" data-id=\"49fd53b\" data-element_type=\"column\">\n        <div class=\"elementor-widget-wrap elementor-element-populated\">\n                        \t\t<div class=\"elementor-element elementor-element-574d6f8 elementor-widget elementor-widget-image\" data-id=\"574d6f8\" data-element_type=\"widget\" data-widget_type=\"image.default\">\n\t\t\t\t<div class=\"elementor-widget-container\">\n\t\t\t<style>\/*! elementor - v3.16.0 - 20-09-2023 *\/\n.elementor-widget-image{text-align:center}.elementor-widget-image a{display:inline-block}.elementor-widget-image a img[src$=\".svg\"]{width:48px}.elementor-widget-image img{vertical-align:middle;display:inline-block}<\/style>\t\t\t\t\t\t\t\t\t\t\t\t<img decoding=\"async\" width=\"1540\" height=\"1273\" src=\"https:\/\/proecotur.ro\/instruirea-pescarilor-comerciali-sansa-zilei-de-maine\/wp-content\/uploads\/2021\/07\/Untitled-1.jpg\" class=\"attachment-full size-full wp-image-17013\" alt=\"\" srcset=\"https:\/\/proecotur.ro\/instruirea-pescarilor-comerciali-sansa-zilei-de-maine\/wp-content\/uploads\/2021\/07\/Untitled-1.jpg 1540w, https:\/\/proecotur.ro\/instruirea-pescarilor-comerciali-sansa-zilei-de-maine\/wp-content\/uploads\/2021\/07\/Untitled-1-300x248.jpg 300w, https:\/\/proecotur.ro\/instruirea-pescarilor-comerciali-sansa-zilei-de-maine\/wp-content\/uploads\/2021\/07\/Untitled-1-1024x846.jpg 1024w, https:\/\/proecotur.ro\/instruirea-pescarilor-comerciali-sansa-zilei-de-maine\/wp-content\/uploads\/2021\/07\/Untitled-1-768x635.jpg 768w, https:\/\/proecotur.ro\/instruirea-pescarilor-comerciali-sansa-zilei-de-maine\/wp-content\/uploads\/2021\/07\/Untitled-1-1536x1270.jpg 1536w\" sizes=\"(max-width: 1540px) 100vw, 1540px\" \/>\t\t\t\t\t\t\t\t\t\t\t\t\t\t\t<\/div>\n\t\t\t\t<\/div>\n\t\t        <\/div>\n        <\/div>\n        \t\t        <\/div>\n        <\/section>\n\t\t        <section class=\"elementor-section elementor-top-section elementor-element elementor-element-88aa044 elementor-section-boxed elementor-section-height-default elementor-section-height-default\" data-id=\"88aa044\" data-element_type=\"section\">\n\t\t\n\t\t        <div class=\"elementor-container elementor-column-gap-default \" >\n\t\t        <div class=\"elementor-column elementor-col-100 elementor-top-column elementor-element elementor-element-f2bef1b\" data-id=\"f2bef1b\" data-element_type=\"column\">\n        <div class=\"elementor-widget-wrap elementor-element-populated\">\n                        \t\t<div class=\"elementor-element elementor-element-e327f13 elementor-widget elementor-widget-text-editor\" data-id=\"e327f13\" data-element_type=\"widget\" data-widget_type=\"text-editor.default\">\n\t\t\t\t<div class=\"elementor-widget-container\">\n\t\t\t\t\t\t\t<h4><strong>GENERALITA\u021aI<\/strong><\/h4><p>\u00a0<\/p><div>\u00a0 \u00a0 Relevan\u021ba \u0219i importan\u021ba resursei umane \u0219i competitivitatea teritorial\u0103 este recunoscut\u0103 de c\u0103tre actorii interesa\u021bi \u0219i factorii de decizie din sectorul pesc\u0103resc. Inclusiv \u00een cadrul documentelor strategice de pregatire a POPAM 2014-2020 a fost recunoscut\u0103 lipsa personalului cu o pregatire adecvat\u0103 \u00een sectorul de acvacultur\u0103 \u0219i pescuit.<\/div><div>\u00a0<\/div><div>\u00a0\u00a0\u00a0\u00a0Astfel spus, pescarii nu sunt familiariza\u021bi cu noile reglement\u0103ri legislative, cu noile reglement\u0103ri europene \u00een domeniu, cu oportunit\u0103\u0163ile de finan\u0163are privind diversificarea activit\u0103\u021bilor, cu posibilit\u0103\u0163ile de dezvoltare a spiritului antreprenorial, de \u00eembun\u0103t\u0103\u021bire a calit\u0103\u021bii produselor etc..<\/div><div>\u00a0<\/div><div>\u00a0\u00a0\u00a0\u00a0Pe de alt\u0103 parte foarte mul\u021bi pescari autoriza\u021bi activeaz\u0103 \u00een cadrul sectorului datorit\u0103 tradi\u021biei existente \u00een familie, transmi\u021b\u00e2ndu-se din tat\u0103-n fiu, mai ales \u00een aceast\u0103 zon\u0103 pesc\u0103reasc\u0103, \u0219tiindu-se c\u0103 aceast\u0103 activitate nu aduce venituri care s\u0103 asigure un trai c\u00e2t de c\u00e2t decent, mai ales c\u0103 nu este o activitate ce poate fi practicat\u0103 pe toat\u0103 perioada anului exist\u00e2nd pe de-o parte perioadele de prohibi\u0163ie iar pe de alt\u0103 parte perioada de iarn\u0103. Desf\u0103\u0219urarea altor activit\u0103\u021bi \u00een aceste perioade \u201emoarte\u201d \u00een pesc\u0103rie de c\u0103tre pescarii autoriza\u021bi sau de c\u0103tre membri familiilor acestora ar permite at\u00e2t suplimentarea veniturilor acestora c\u00e2t \u0219i crearea de locuri de munc\u0103 \u0219i dezvoltarea zonei.<\/div><div>\u00a0<\/div><div dir=\"ltr\"><div dir=\"ltr\">\u00a0\u00a0\u00a0\u00a0Dezvoltarea profesional\u0103 a resurselor umane locale din comunit\u0103\u021bile pesc\u0103re\u015fti \u015fi conservarea identit\u0103\u021bii zonei pesc\u0103re\u015fti Prut-Dun\u0103re Gala\u0163i a r\u0103mas una dintre principalele coordonate ale Strategiei de dezvoltare durabil\u0103 a zonei pesc\u0103re\u0219ti. At\u00e2t obiectivul general, c\u00e2t \u015fi obiectivele specifice contribuie la atingerea obiectivelor m\u0103surii \u201eSprijinirea competitivit\u0103\u021bii \u0219i promovarea mediului economic local prin sus\u021binerea produselor \u0219i serviciilor locale ale zonei pesc\u0103re\u0219ti cu valoare ad\u0103ugat\u0103 ridicat\u0103 precum \u0219i cre\u0219terea gradului de ocupare \u00een r\u00e2ndul comunit\u0103\u021bii locale\u201d at\u00e2t prin stimularea ini\u021biativei antreprenoriale c\u00e2t \u015fi prin cre\u0219terea competitivit\u0103\u021bii prin men\u021binerea \u015fi comercializarea pe\u0219telui \u00een condi\u021bii c\u00e2t mai optime. Pentru asigurarea continuit\u0103\u021bii \u0219i durabilit\u0103\u021bii specificului pesc\u0103resc cu care se identific\u0103 zona pesc\u0103reasc\u0103\u00a0Prut-Dun\u0103re Gala\u0163i este necesar\u0103 punerea \u00een valoare a avantajelor locale \u0219i de valorificare a resurselor existente, factorul uman fiind cel care influen\u021beaz\u0103 \u00een mod direct materializarea acestui obiectiv. \u00cen vederea acestui lucru, capitalul uman trebuie s\u0103 \u00eenteleag\u0103 \u015fi s\u0103 accepte importan\u021ba dezvolt\u0103rii durabile pentru resursele piscicole locale, pentru activit\u0103\u021bile legate de pescuit, dezvoltarea spiritului antreprenorial \u015fi pentru men\u021binerea identit\u0103\u021bii zonei \u0219i a dezvolt\u0103rii acesteia.<\/div><div dir=\"ltr\">\u00a0<\/div><div dir=\"ltr\"><div>\u00a0\u00a0\u00a0\u00a0Seminariile de informare \u0219i consiliere asigurate prin implementarea proiectului vor contribui la cre\u0219terea nivelului de informare \u0219i con\u0219tientizare privind poten\u021bialul de dezvoltare al zonei pesc\u0103re\u015fti \u0219i al diversific\u0103rii acesteia precum \u0219i modul \u00een care este perceput\u0103 particularitatea Zonei pesc\u0103re\u015fti Prut-Dun\u0103re Gala\u0163i.<\/div><div>\u00a0<\/div><div>\u00a0\u00a0\u00a0\u00a0Prin scopul \u0219i ac\u021biunile sale, prezentul proiect respect\u0103 obiectivele \u0219i liniile directoare ale documentelor europene \u0219i na\u021bionale \u00een domeniu. Proiectul este \u00een concordan\u021b\u0103 cu Tratatul CE: Titlul VIII \u201cOcuparea for\u0163ei de munc\u0103\u201d, promov\u00e2nd un nivel ridicat de ocupare a for\u021bei de munc\u0103 \u015fi de protectie social\u0103.<\/div><div>\u00a0<\/div><div>\u00a0\u00a0\u00a0\u00a0Obiectivele proiectului coincid, \u00een egal\u0103 m\u0103sur\u0103 \u015fi cu priorit\u0103\u0163ile \u015fi obiectivele Strategiei Europa 2020, respectiv cu cre\u0219terea nivelului competen\u021belor \u015fi consolidarea educa\u021biei de-a lungul vie\u021bii.<\/div><div>\u00a0\u00a0\u00a0\u00a0Prin activit\u0103\u021bile sale, proiectul se aliniaz\u0103 cu obiectivele politicii comune pentru pescuit prin asigurarea continuit\u0103\u021bii activit\u0103\u021bilor de pescuit \u015fi \u00eembunat\u0103\u021birea calit\u0103\u0163ii vie\u0163ii \u00een zonele dependente de pescuit.<\/div><div>\u00a0<\/div><div>\u00a0 \u00a0 A\u0219adar, proiectul, prin activit\u0103\u021bile sale, este pe deplin relevant pentru POPAM \u2013 PU 4, deoarece contribuie la dezvoltarea social\u0103 \u015fi profesional\u0103 a membrilor comunit\u0103\u021bilor pesc\u0103re\u0219ti, dar \u0219i la conservarea \u0219i gestionarea durabil\u0103 a patrimoniului local cultural, etnografic \u0219i de mediu.<\/div><div>\u00a0<\/div><div>\u00a0\u00a0\u00a0\u00a0La nivel european s-a constatat c\u0103 una dintre componentele &#8211; cheie ale construc\u021biei UE \u0219i ale strategiilor na\u021bionale de dezvoltare ale statelor membre se refer\u0103 la formarea \u0219i instruirea profesional\u0103 continu\u0103. Proiectul de fa\u0163\u0103 este necesar pentru contribu\u021bia pe care o va aduce zonei pesc\u0103re\u015fti Prut\u2013Dun\u0103re Gala\u0163i, prin importan\u021ba pe care o acord\u0103 instruirii profesionale continue, prin organizarea seminariilor de informare \u0219i consiliere care s\u0103 asigure cre\u0219terea competen\u021belor profesionale ale pescarilor comerciali \u0219i\/sau a membrilor familiilor acestora.<\/div><\/div><div>\u00a0<\/div><\/div>\t\t\t\t\t\t<\/div>\n\t\t\t\t<\/div>\n\t\t        <\/div>\n        <\/div>\n        \t\t        <\/div>\n        <\/section>\n\t\t        <section class=\"elementor-section elementor-top-section elementor-element elementor-element-2b22227 elementor-section-boxed elementor-section-height-default elementor-section-height-default\" data-id=\"2b22227\" data-element_type=\"section\">\n\t\t\n\t\t        <div class=\"elementor-container elementor-column-gap-default \" >\n\t\t        <div class=\"elementor-column elementor-col-100 elementor-top-column elementor-element elementor-element-6f08e6a\" data-id=\"6f08e6a\" data-element_type=\"column\">\n        <div class=\"elementor-widget-wrap elementor-element-populated\">\n                        \t\t<div class=\"elementor-element elementor-element-b1804de elementor-widget elementor-widget-text-editor\" data-id=\"b1804de\" data-element_type=\"widget\" data-widget_type=\"text-editor.default\">\n\t\t\t\t<div class=\"elementor-widget-container\">\n\t\t\t\t\t\t\t<h4><strong>OBIECTIVELE PROIECTULUI<\/strong><\/h4><p>\u00a0<\/p><div><p><strong>Obiectivul general al proiectului<\/strong><\/p><\/div><div dir=\"ltr\"><div><div>\u00a0\u00a0\u00a0\u00a0Conform normelor \u0219i standardelor europene, pentru a ajunge la o societate bazat\u0103 pe cunoa\u0219tere trebuie s\u0103 ne orient\u0103m spre a investi \u00een dezvoltarea resurselor umane cu scopul de a \u00eencuraja dob\u00e2ndirea de noi competen\u021be, fiind investi\u021bia cea mai profitabil\u0103 pe termen lung.<\/div><div>\u00a0<\/div><div>\u00a0\u00a0\u00a0\u00a0Zona pesc\u0103reasc\u0103 Prut &#8211; Dun\u0103re Gala\u021bi a reprezentat de-a lungul timpului, reprezent\u00e2nd \u00een continuare un punct important de tradi\u021bie pe harta sectorului pesc\u0103resc din Rom\u00e2nia. Plec\u00e2nd de la acest argument este foarte important ca aceast\u0103 zon\u0103 s\u0103 r\u0103m\u00e2n\u0103 de tradi\u021bie \u00een cadrul piscicol prin valorificarea resurselor de care dispune \u0219i prin care s\u0103 se asigure o dezvoltare sustenabil\u0103 a zonei, un rol important fiind jucat de factorul uman implicat. Obiectivul general al proiectului \u00eel reprezint\u0103 diversificarea \u0219i dezvoltarea abilit\u0103\u021bilor profesionale a 60 de persoane din r\u00e2ndul pescarilor independen\u021bi \u0219i\/sau so\u021bii\/so\u021biile sau partenerii de via\u021b\u0103 ai acestora din cadrul zonei pesc\u0103re\u0219ti.<\/div><div>\u00a0<\/div><div>\u00a0\u00a0\u00a0\u00a0Scopul proiectului este reprezentat de cre\u0219terea competitivit\u0103\u021bii \u0219i sprijinirea dezvolt\u0103rii durabile a zonei pesc\u0103re\u0219ti prin facilitarea dezvolt\u0103rii profesionale a pescarilor independen\u021bi \u0219i\/sau so\u021bii\/so\u021biile sau partenerii de via\u021b\u0103 ai acestora, care s\u0103 le permit\u0103 diversificarea activit\u0103\u021bii desf\u0103\u0219urate \u0219i astfel completarea veniturilor realizate \u0219i\/sau realizarea de venituri \u00een perioadele de inactivitate din pescuit. \u00a0\u00a0\u00a0\u00a0Proiectul contribuie la atingerea obiectivelor m\u0103surii \u201ePromovarea \u0219i sprijinirea activit\u0103\u021bilor care duc la diversificare; creare de locuri de munc\u0103; valoare adaugat\u0103; \u00eenv\u0103\u021bare continu\u0103; inovare\u201d \u0219i a m\u0103surii \u201csprijinirea diversific\u0103rii \u00een cadrul sau \u00een afara pesc\u0103riilor comerciale, a \u00eenv\u0103\u021b\u0103rii pe tot parcursul vie\u021bii \u0219i a cre\u0103rii de locuri de munc\u0103 \u00een zonele de pescuit \u0219i acvacultur\u0103\u201d prin stimularea ini\u021biativei antreprenoriale. Acesta va contribui la dezvoltarea antreprenoriatului regional duc\u00e2nd la diversificarea activit\u0103\u021bii pescarilor independen\u021bi \u0219i\/sau so\u021bii\/so\u021biile sau partenerii de via\u021b\u0103 ai acestora, crearea de noi locuri de munc\u0103 \u0219i \u00een final la cre\u0219terea calit\u0103\u021bii vie\u021bii acestora.<\/div><\/div><\/div><div>\u00a0<\/div><div dir=\"ltr\"><strong>Obiectivele specifice ale proiectului<\/strong><\/div><div dir=\"ltr\">\u00a0<\/div><div dir=\"ltr\"><div><div>1. \u00cencurajarea \u0219i cre\u0219terea gradului de acces a pescarilor independen\u021bi \u0219i\/sau so\u021bii\/so\u021biile sau partenerii de via\u021b\u0103 ai acestora la activit\u0103\u021bi de informare \u0219i consiliere \u00een domeniul gastronomiei (planificarea buc\u0103t\u0103riei, organizarea, prepararea, g\u0103tirea \u0219i servirea m\u00e2nc\u0103rii \u00een regim turistic \u00een gospod\u0103riile private, catering local\/zonal, etc.) \u0219i a altor activit\u0103\u021bi \u0219i servicii turistice de entertainment\/divertisment.<\/div><div>\u00a0<\/div><div>2. Diversificarea \u0219i dezvoltarea competen\u021belor a 60 de persoane din r\u00e2ndul pescarilor independen\u021bi \u0219i\/sau so\u021bii\/so\u021biile sau partenerii de via\u021b\u0103 ai acestora \u00een domeniul antreprenoriatului \u00een industria gastronomiei\/HoReCa c\u00e2t \u0219i privind asimilarea altor modele de sevicii turistice \u0219i entertainment\/divertisment.<\/div><\/div><\/div>\t\t\t\t\t\t<\/div>\n\t\t\t\t<\/div>\n\t\t        <\/div>\n        <\/div>\n        \t\t        <\/div>\n        <\/section>\n\t\t        <section class=\"elementor-section elementor-top-section elementor-element elementor-element-282951c elementor-section-boxed elementor-section-height-default elementor-section-height-default\" data-id=\"282951c\" data-element_type=\"section\">\n\t\t\n\t\t        <div class=\"elementor-container elementor-column-gap-default \" >\n\t\t        <div class=\"elementor-column elementor-col-100 elementor-top-column elementor-element elementor-element-e64ee11\" data-id=\"e64ee11\" data-element_type=\"column\">\n        <div class=\"elementor-widget-wrap elementor-element-populated\">\n                        \t\t<div class=\"elementor-element elementor-element-7ecaef6 elementor-widget elementor-widget-text-editor\" data-id=\"7ecaef6\" data-element_type=\"widget\" data-widget_type=\"text-editor.default\">\n\t\t\t\t<div class=\"elementor-widget-container\">\n\t\t\t\t\t\t\t<h4><strong>REZULTATE PREVIZIONATE<\/strong><\/h4><p>\u00a0<\/p><div><b>1.<\/b>\u00a0Implementarea cu succes a activit\u0103\u021bilor proiectului;<\/div><div><b>2.<\/b>\u00a0Cre\u0219terea gradului de con\u0219tientizare \u0219i de acces al publicului la activit\u0103\u021bile proiectului prin transmiterea unui comunicat de pres\u0103 privind lansarea proiectului \u0219i realizarea unei conferin\u021be de pres\u0103 ini\u021biale.<\/div><div><b>3.<\/b>\u00a0Cre\u0219terea gradului de con\u0219tientizare \u0219i de acces al grupului \u021bint\u0103 la activit\u0103\u021bile proiectului prin realizare urm\u0103toarelor materiale de informare \u0219i promovare care vor fi diseminate \u00een cadrul comunit\u0103\u021bilor:<\/div><div>&#8211; 210 mape prezentare personalizate proiect<\/div><div>&#8211; 210 tricouri personalizate proiect<\/div><div>&#8211; 210 \u0219epci personalizate proiect<\/div><div>&#8211; 210 pixuri personalizate<\/div><div>&#8211; 210 insigne personalizate<\/div><div>&#8211; 210 memorie USB personalizate<\/div><div>&#8211; 60 seturi \u201dpachete gastronomice\u201d personalizate<\/div><div>&#8211; 500 bro\u0219uri A5<\/div><div>&#8211; 500 pliante A4<\/div><div>&#8211; 110 postere A3<\/div><div>&#8211; 2 roll-UP-uri<\/div><div>&#8211; 1 banner stradal<\/div><div>&#8211; 1 banner informativ-proiect<\/div><div><b>4.<\/b>\u00a0100 de pescari independen\u021bi \u0219i\/sau so\u021bii\/so\u021biile sau partenerii de via\u021b\u0103 ai acestora informa\u021bi;<\/div><div><b>5.<\/b>\u00a0O baz\u0103 de date cu 60 de participan\u021bi;<\/div>\t\t\t\t\t\t<\/div>\n\t\t\t\t<\/div>\n\t\t        <\/div>\n        <\/div>\n        \t\t        <\/div>\n        <\/section>\n\t\t        <section class=\"elementor-section elementor-top-section elementor-element elementor-element-18d8552 elementor-section-boxed elementor-section-height-default elementor-section-height-default\" data-id=\"18d8552\" data-element_type=\"section\">\n\t\t\n\t\t        <div class=\"elementor-container elementor-column-gap-default \" >\n\t\t        <div class=\"elementor-column elementor-col-100 elementor-top-column elementor-element elementor-element-56b8a44\" data-id=\"56b8a44\" data-element_type=\"column\">\n        <div class=\"elementor-widget-wrap elementor-element-populated\">\n                        \t\t<div class=\"elementor-element elementor-element-cbf5711 elementor-widget elementor-widget-text-editor\" data-id=\"cbf5711\" data-element_type=\"widget\" data-widget_type=\"text-editor.default\">\n\t\t\t\t<div class=\"elementor-widget-container\">\n\t\t\t\t\t\t\t<h4><strong>VALOAREA FINANCIAR\u0102 A PROIECTULUI<\/strong><\/h4><p>\u00a0<\/p><p><strong>Valoarea total\u0103 a contractului de finan\u021bare este de 133.420,00 lei, dup\u0103 cum urmeaz\u0103:<\/strong><\/p><ul><li>Valoarea total\u0103 eligibil\u0103:\u00a0\u00a0\u00a0\u00a0\u00a0\u00a0\u00a0\u00a0\u00a0\u00a0\u00a0\u00a0\u00a0\u00a0\u00a0\u00a0\u00a0\u00a0\u00a0\u00a0<wbr \/>\u00a0\u00a0\u00a0\u00a0\u00a0\u00a0\u00a0\u00a0\u00a0\u00a0\u00a0\u00a0\u00a0\u00a0\u00a0\u00a0\u00a0\u00a0\u00a0\u00a0\u00a0\u00a0\u00a0\u00a0\u00a0\u00a0\u00a0\u00a0\u00a0\u00a0<wbr \/>\u00a0\u00a0\u00a0\u00a0\u00a0\u00a0\u00a0\u00a0\u00a0\u00a0\u00a0\u00a0\u00a0\u00a0 \u2013 133.420,00 lei<\/li><li>Valoarea eligibil\u0103 nerambursabil\u0103 din FEPAM:\u00a0 \u00a0 \u00a0 \u00a0 \u00a0 \u00a0 \u00a0 \u00a0 \u00a0 \u00a0 \u00a0 \u00a0 \u00a0 \u00a0\u2013\u00a0 \u00a090.058,50 lei<\/li><li>Valoarea eligibil\u0103 nerambursabil\u0103 din bugetul na\u021bional:\u00a0 \u00a0 \u00a0 \u00a0 \u00a0 \u00a0\u2013\u00a0 \u00a030.019,50 lei<\/li><li>Valoarea cofinan\u021b\u0103rii eligibile a beneficiarului:\u00a0 \u00a0 \u00a0 \u00a0 \u00a0 \u00a0 \u00a0 \u00a0 \u00a0 \u00a0 \u00a0 \u00a0 \u00a0 \u00a0\u2013\u00a0 \u00a013.342,00 lei<\/li><li>\u00a0<\/li><\/ul><h4><strong>PERIOADA DE IMPLEMENTARE A PROIECTULUI<\/strong><\/h4><p>\u00a0<\/p><p><strong>Perioada de implementare a proiectului este de 12 luni, cu \u00eencepere de la data de 2 noiembrie 2022 \u2013 data semn\u0103rii contractului de finan\u021bare \u2013 \u0219i p\u00e2n\u0103 la data de 31 Decembrie 2023 \u2013 data c\u00e2nd toate activit\u0103\u021bile care trebuiesc a fi efectuate \u00een cadrul proiectului trebuie s\u0103 fie finalizate.<\/strong><\/p><p>\u00cen aceast\u0103 perioad\u0103 vor fi organizate dou\u0103 conferin\u021be de pres\u0103, una la \u00eenceputul implement\u0103rii proiectului \u0219i una la sf\u00e2r\u0219itul perioadei de implementare a proiectului.<\/p>\t\t\t\t\t\t<\/div>\n\t\t\t\t<\/div>\n\t\t        <\/div>\n        <\/div>\n        \t\t        <\/div>\n        <\/section>\n\t\t\t\t\t\t\t<\/div>\n\t\t","protected":false},"excerpt":{"rendered":"<p>LOCALIZAREA PROIECTULUI \u00a0 Proiectul se va implementa \u00een toata zona pesc\u0103reasc\u0103 Prut \u2013 Dun\u0103re Gala\u021bi, reprezentat\u0103 de cele 11 UAT-uri: Cavadine\u0219ti, Suceveni, Oancea, Vlade\u0219ti, M\u0103st\u0103cani, Folte\u0219ti, Frumu\u0219i\u021ba, Tuluce\u0219ti, Gala\u021bi, \u0218endreni \u0219i Brani\u0219tea. GENERALITA\u021aI \u00a0 \u00a0 \u00a0 Relevan\u021ba \u0219i importan\u021ba resursei umane \u0219i competitivitatea teritorial\u0103 este recunoscut\u0103 de c\u0103tre actorii interesa\u021bi \u0219i factorii de decizie din [&hellip;]<\/p>\n","protected":false},"author":1,"featured_media":0,"parent":0,"menu_order":0,"comment_status":"closed","ping_status":"closed","template":"","meta":{"footnotes":""},"_links":{"self":[{"href":"https:\/\/proecotur.ro\/instruirea-pescarilor-comerciali-sansa-zilei-de-maine\/wp-json\/wp\/v2\/pages\/17009"}],"collection":[{"href":"https:\/\/proecotur.ro\/instruirea-pescarilor-comerciali-sansa-zilei-de-maine\/wp-json\/wp\/v2\/pages"}],"about":[{"href":"https:\/\/proecotur.ro\/instruirea-pescarilor-comerciali-sansa-zilei-de-maine\/wp-json\/wp\/v2\/types\/page"}],"author":[{"embeddable":true,"href":"https:\/\/proecotur.ro\/instruirea-pescarilor-comerciali-sansa-zilei-de-maine\/wp-json\/wp\/v2\/users\/1"}],"replies":[{"embeddable":true,"href":"https:\/\/proecotur.ro\/instruirea-pescarilor-comerciali-sansa-zilei-de-maine\/wp-json\/wp\/v2\/comments?post=17009"}],"version-history":[{"count":82,"href":"https:\/\/proecotur.ro\/instruirea-pescarilor-comerciali-sansa-zilei-de-maine\/wp-json\/wp\/v2\/pages\/17009\/revisions"}],"predecessor-version":[{"id":17781,"href":"https:\/\/proecotur.ro\/instruirea-pescarilor-comerciali-sansa-zilei-de-maine\/wp-json\/wp\/v2\/pages\/17009\/revisions\/17781"}],"wp:attachment":[{"href":"https:\/\/proecotur.ro\/instruirea-pescarilor-comerciali-sansa-zilei-de-maine\/wp-json\/wp\/v2\/media?parent=17009"}],"curies":[{"name":"wp","href":"https:\/\/api.w.org\/{rel}","templated":true}]}}