{"id":17234,"date":"2021-07-26T11:34:45","date_gmt":"2021-07-26T11:34:45","guid":{"rendered":"https:\/\/proecotur.ro\/?page_id=17234"},"modified":"2023-07-26T07:33:37","modified_gmt":"2023-07-26T07:33:37","slug":"donatii-proiect","status":"publish","type":"page","link":"https:\/\/proecotur.ro\/festival-gastronomic\/donatii-proiect\/","title":{"rendered":"Donatii proiect"},"content":{"rendered":"\t\t<div data-elementor-type=\"wp-page\" data-elementor-id=\"17234\" class=\"elementor elementor-17234\" data-elementor-post-type=\"page\">\n\t\t\t\t\t\t\t        <section class=\"elementor-section elementor-top-section elementor-element elementor-element-3813cf1 elementor-section-boxed elementor-section-height-default elementor-section-height-default\" data-id=\"3813cf1\" data-element_type=\"section\">\n\t\t\n\t\t        <div class=\"elementor-container elementor-column-gap-default \" >\n\t\t        <div class=\"elementor-column elementor-col-100 elementor-top-column elementor-element elementor-element-5726584\" data-id=\"5726584\" data-element_type=\"column\">\n        <div class=\"elementor-widget-wrap elementor-element-populated\">\n                        \t\t<div class=\"elementor-element elementor-element-6583a61 elementor-widget elementor-widget-text-editor\" data-id=\"6583a61\" data-element_type=\"widget\" data-widget_type=\"text-editor.default\">\n\t\t\t\t<div class=\"elementor-widget-container\">\n\t\t\t<style>\/*! elementor - v3.16.0 - 20-09-2023 *\/\n.elementor-widget-text-editor.elementor-drop-cap-view-stacked .elementor-drop-cap{background-color:#69727d;color:#fff}.elementor-widget-text-editor.elementor-drop-cap-view-framed .elementor-drop-cap{color:#69727d;border:3px solid;background-color:transparent}.elementor-widget-text-editor:not(.elementor-drop-cap-view-default) .elementor-drop-cap{margin-top:8px}.elementor-widget-text-editor:not(.elementor-drop-cap-view-default) .elementor-drop-cap-letter{width:1em;height:1em}.elementor-widget-text-editor .elementor-drop-cap{float:left;text-align:center;line-height:1;font-size:50px}.elementor-widget-text-editor .elementor-drop-cap-letter{display:inline-block}<\/style>\t\t\t\t<p>Dup\u0103 finalizarea proiectului, activit\u0103\u021bile de con\u0219tientizare \u0219i de educare vor fi continuate \u00een anii urm\u0103tori de c\u0103tre\u00a0<strong>ASOCIA\u021aIA PENTRU ECOLOGIE \u0218I TURISM\u00a0\u00a0<img decoding=\"async\" class=\"alignnone wp-image-2437\" src=\"https:\/\/proecotur.ro\/respect-pentru-apa-respect-pentru-peste\/wp-content\/uploads\/2021\/08\/proecotur-150x150.png\" sizes=\"(max-width: 110px) 100vw, 110px\" srcset=\"https:\/\/proecotur.ro\/respect-pentru-apa-respect-pentru-peste\/wp-content\/uploads\/2021\/08\/proecotur-300x46.png 300w, https:\/\/proecotur.ro\/respect-pentru-apa-respect-pentru-peste\/wp-content\/uploads\/2021\/08\/proecotur-1024x158.png 1024w, https:\/\/proecotur.ro\/respect-pentru-apa-respect-pentru-peste\/wp-content\/uploads\/2021\/08\/proecotur-768x118.png 768w, https:\/\/proecotur.ro\/respect-pentru-apa-respect-pentru-peste\/wp-content\/uploads\/2021\/08\/proecotur-1536x237.png 1536w, https:\/\/proecotur.ro\/respect-pentru-apa-respect-pentru-peste\/wp-content\/uploads\/2021\/08\/proecotur-2048x316.png 2048w\" alt=\"\" width=\"110\" height=\"17\" \/><\/strong>\u00a0din fonduri proprii.<\/p><p>De aceea, invit\u0103m pe to\u021bi cei interesa\u021bi \u00een protejarea mediului natural \u0219i\/sau conservarea vechilor tradi\u021bii rom\u00e2ne\u0219ti, de a se implica ca voluntari sau de a sprijini financiar continuarea implement\u0103rii \u0219i \u00een anii urm\u0103tori a proiectului\u00a0<strong><em>\u201cInstruirea pescarilor comerciali, \u0219ansa zilei de m\u00e2ine\u201d<\/em><\/strong>.<\/p><p>Pentru detalii suplimentare sau alte informa\u021bii, pute\u021bi contacta Asocia\u021bia la adresa de e-mail:\u00a0<a href=\"mailto:proecotur.oc@gmail.com\">proecotur.oc@gmail.com<\/a>.<\/p>\t\t\t\t\t\t<\/div>\n\t\t\t\t<\/div>\n\t\t        <\/div>\n        <\/div>\n        \t\t        <\/div>\n        <\/section>\n\t\t\t\t\t\t\t<\/div>\n\t\t","protected":false},"excerpt":{"rendered":"<p>Dup\u0103 finalizarea proiectului, activit\u0103\u021bile de con\u0219tientizare \u0219i de educare vor fi continuate \u00een anii urm\u0103tori de c\u0103tre\u00a0ASOCIA\u021aIA PENTRU ECOLOGIE \u0218I TURISM\u00a0\u00a0\u00a0din fonduri proprii. De aceea, invit\u0103m pe to\u021bi cei interesa\u021bi \u00een protejarea mediului natural \u0219i\/sau conservarea vechilor tradi\u021bii rom\u00e2ne\u0219ti, de a se implica ca voluntari sau de a sprijini financiar continuarea implement\u0103rii \u0219i \u00een anii [&hellip;]<\/p>\n","protected":false},"author":1,"featured_media":0,"parent":0,"menu_order":0,"comment_status":"closed","ping_status":"closed","template":"","meta":{"footnotes":""},"_links":{"self":[{"href":"https:\/\/proecotur.ro\/festival-gastronomic\/wp-json\/wp\/v2\/pages\/17234"}],"collection":[{"href":"https:\/\/proecotur.ro\/festival-gastronomic\/wp-json\/wp\/v2\/pages"}],"about":[{"href":"https:\/\/proecotur.ro\/festival-gastronomic\/wp-json\/wp\/v2\/types\/page"}],"author":[{"embeddable":true,"href":"https:\/\/proecotur.ro\/festival-gastronomic\/wp-json\/wp\/v2\/users\/1"}],"replies":[{"embeddable":true,"href":"https:\/\/proecotur.ro\/festival-gastronomic\/wp-json\/wp\/v2\/comments?post=17234"}],"version-history":[{"count":19,"href":"https:\/\/proecotur.ro\/festival-gastronomic\/wp-json\/wp\/v2\/pages\/17234\/revisions"}],"predecessor-version":[{"id":17664,"href":"https:\/\/proecotur.ro\/festival-gastronomic\/wp-json\/wp\/v2\/pages\/17234\/revisions\/17664"}],"wp:attachment":[{"href":"https:\/\/proecotur.ro\/festival-gastronomic\/wp-json\/wp\/v2\/media?parent=17234"}],"curies":[{"name":"wp","href":"https:\/\/api.w.org\/{rel}","templated":true}]}}