{"id":17009,"date":"2021-07-26T07:29:08","date_gmt":"2021-07-26T07:29:08","guid":{"rendered":"https:\/\/proecotur.ro\/?page_id=17009"},"modified":"2023-11-06T10:57:54","modified_gmt":"2023-11-06T10:57:54","slug":"despre-proiect","status":"publish","type":"page","link":"https:\/\/proecotur.ro\/festival-gastronomic\/despre-proiect\/","title":{"rendered":"Despre proiect"},"content":{"rendered":"\t\t<div data-elementor-type=\"wp-page\" data-elementor-id=\"17009\" class=\"elementor elementor-17009\" data-elementor-post-type=\"page\">\n\t\t\t\t\t\t\t        <section class=\"elementor-section elementor-top-section elementor-element elementor-element-2b7b59c elementor-section-boxed elementor-section-height-default elementor-section-height-default\" data-id=\"2b7b59c\" data-element_type=\"section\">\n\t\t\n\t\t        <div class=\"elementor-container elementor-column-gap-default \" >\n\t\t        <div class=\"elementor-column elementor-col-50 elementor-top-column elementor-element elementor-element-bbb4e30\" data-id=\"bbb4e30\" data-element_type=\"column\">\n        <div class=\"elementor-widget-wrap elementor-element-populated\">\n                        \t\t<div class=\"elementor-element elementor-element-dbb30c5 elementor-widget elementor-widget-text-editor\" data-id=\"dbb30c5\" data-element_type=\"widget\" data-widget_type=\"text-editor.default\">\n\t\t\t\t<div class=\"elementor-widget-container\">\n\t\t\t<style>\/*! elementor - v3.16.0 - 20-09-2023 *\/\n.elementor-widget-text-editor.elementor-drop-cap-view-stacked .elementor-drop-cap{background-color:#69727d;color:#fff}.elementor-widget-text-editor.elementor-drop-cap-view-framed .elementor-drop-cap{color:#69727d;border:3px solid;background-color:transparent}.elementor-widget-text-editor:not(.elementor-drop-cap-view-default) .elementor-drop-cap{margin-top:8px}.elementor-widget-text-editor:not(.elementor-drop-cap-view-default) .elementor-drop-cap-letter{width:1em;height:1em}.elementor-widget-text-editor .elementor-drop-cap{float:left;text-align:center;line-height:1;font-size:50px}.elementor-widget-text-editor .elementor-drop-cap-letter{display:inline-block}<\/style>\t\t\t\t<h4><strong>LOCALIZAREA PROIECTULUI<\/strong><\/h4><p>\u00a0<\/p><p>Proiectul se va implementa \u00een zona pesc\u0103reasc\u0103 Prut &#8211; Dun\u0103re Gala\u021bi, organizarea caravanelor de informare realiz\u00e2ndu-se pe teritoriul a cinci UAT-uri: Cavadine\u0219ti, Suceveni, Oancea, Vlade\u0219ti \u0219i municipiul Gala\u021bi.<\/p>\t\t\t\t\t\t<\/div>\n\t\t\t\t<\/div>\n\t\t        <\/div>\n        <\/div>\n                <div class=\"elementor-column elementor-col-50 elementor-top-column elementor-element elementor-element-49fd53b\" data-id=\"49fd53b\" data-element_type=\"column\">\n        <div class=\"elementor-widget-wrap elementor-element-populated\">\n                        \t\t<div class=\"elementor-element elementor-element-574d6f8 elementor-widget elementor-widget-image\" data-id=\"574d6f8\" data-element_type=\"widget\" data-widget_type=\"image.default\">\n\t\t\t\t<div class=\"elementor-widget-container\">\n\t\t\t<style>\/*! elementor - v3.16.0 - 20-09-2023 *\/\n.elementor-widget-image{text-align:center}.elementor-widget-image a{display:inline-block}.elementor-widget-image a img[src$=\".svg\"]{width:48px}.elementor-widget-image img{vertical-align:middle;display:inline-block}<\/style>\t\t\t\t\t\t\t\t\t\t\t\t<img decoding=\"async\" width=\"1540\" height=\"1273\" src=\"https:\/\/proecotur.ro\/festival-gastronomic\/wp-content\/uploads\/2021\/07\/Untitled-1.jpg\" class=\"attachment-full size-full wp-image-17013\" alt=\"\" srcset=\"https:\/\/proecotur.ro\/festival-gastronomic\/wp-content\/uploads\/2021\/07\/Untitled-1.jpg 1540w, https:\/\/proecotur.ro\/festival-gastronomic\/wp-content\/uploads\/2021\/07\/Untitled-1-300x248.jpg 300w, https:\/\/proecotur.ro\/festival-gastronomic\/wp-content\/uploads\/2021\/07\/Untitled-1-1024x846.jpg 1024w, https:\/\/proecotur.ro\/festival-gastronomic\/wp-content\/uploads\/2021\/07\/Untitled-1-768x635.jpg 768w, https:\/\/proecotur.ro\/festival-gastronomic\/wp-content\/uploads\/2021\/07\/Untitled-1-1536x1270.jpg 1536w\" sizes=\"(max-width: 1540px) 100vw, 1540px\" \/>\t\t\t\t\t\t\t\t\t\t\t\t\t\t\t<\/div>\n\t\t\t\t<\/div>\n\t\t        <\/div>\n        <\/div>\n        \t\t        <\/div>\n        <\/section>\n\t\t        <section class=\"elementor-section elementor-top-section elementor-element elementor-element-88aa044 elementor-section-boxed elementor-section-height-default elementor-section-height-default\" data-id=\"88aa044\" data-element_type=\"section\">\n\t\t\n\t\t        <div class=\"elementor-container elementor-column-gap-default \" >\n\t\t        <div class=\"elementor-column elementor-col-100 elementor-top-column elementor-element elementor-element-f2bef1b\" data-id=\"f2bef1b\" data-element_type=\"column\">\n        <div class=\"elementor-widget-wrap elementor-element-populated\">\n                        \t\t<div class=\"elementor-element elementor-element-e327f13 elementor-widget elementor-widget-text-editor\" data-id=\"e327f13\" data-element_type=\"widget\" data-widget_type=\"text-editor.default\">\n\t\t\t\t<div class=\"elementor-widget-container\">\n\t\t\t\t\t\t\t<h4><strong>GENERALITA\u021aI<\/strong><\/h4><div>\u00a0<p>\u00a0 \u00a0 \u00a0 \u00a0 \u00a0 \u00a0 Dezvoltarea economic\u0103 \u00een special, ca orice alt tip de dezvoltare, necesit\u0103 m\u0103suri de eficientizare a resursei umane \u00een special, dar \u0219i a altor tipuri de resurse, \u00een general.<\/p><p>\u00a0\u00a0\u00a0\u00a0\u00a0\u00a0\u00a0\u00a0\u00a0\u00a0\u00a0 Analiz\u00e2nd obiectivul general al Strategiei de dezvoltare a zonei pesc\u0103re\u0219ti Prut \u2013 Dun\u0103re Gala\u021bi, care urm\u0103re\u0219te \u201dpromovarea cre\u0219terii economice, a diversific\u0103rii, a incluziunii sociale \u0219i a cre\u0103rii de locuri de munc\u0103 \u00een cadrul comunit\u0103\u021bilor de pescuit \u0219i acvacultur\u0103 din zona pesc\u0103reasc\u0103 Prut \u2013 Dun\u0103re Gala\u021bi\u201d, proiectul propus asigur\u0103 o sinergie prin informarea \u0219i con\u0219tientizarea comunit\u0103\u021bilor locale din zon\u0103 asupra punerii \u00een valoare a patrimoniului din zona de pescuit \u0219i acvacultur\u0103, asigur\u00e2nd astfel promovarea \u0219i valorificarea socio-culturala a zonei pesc\u0103re\u0219ti precum \u0219i consolidarea rolului comunit\u0103\u021bilor pesc\u0103re\u0219ti.<\/p><p>\u00a0\u00a0\u00a0\u00a0\u00a0\u00a0\u00a0\u00a0\u00a0\u00a0\u00a0 \u00cen acest sens, \u021ainutul de Nord al zonei pesc\u0103re\u0219ti Prut \u2013 Dun\u0103re Gala\u021bi va fi animat prin organizarea Festivalului Gastronomic cu specific pesc\u0103resc &#8211; CU PE\u0218TELE`N BUCATE &#8211; \u00een scopul dezvolt\u0103rii sustenabile a zonei pesc\u0103re\u0219ti .<\/p><p>\u00a0\u00a0\u00a0\u00a0\u00a0\u00a0\u00a0\u00a0\u00a0\u00a0\u00a0 Necesitatea organiz\u0103rii Festivalului Gastronomic cu specific pesc\u0103resc &#8211; CU PE\u0218TELE`N BUCATE din \u021ainutul de Nord al zonei pesc\u0103re\u0219ti Prut \u2013 Dun\u0103re Gala\u021bi este dat\u0103 de:<\/p><ul><li>&#8211; Starea critic\u0103 a resurselor piscicole din zona pesc\u0103reasc\u0103 Prut \u2013 Dun\u0103re Gala\u021bi \u0219i necesitatea continu\u0103rii utiliz\u0103rii unei mari variet\u0103\u021bi de mecanisme pentru a redresa aceast\u0103 problem\u0103.<\/li><li>&#8211; Nivelul redus de con\u0219tientizare \u00een zona studiat\u0103 \u0219i problemele de conservare \u00een general, \u00een cadrul comunit\u0103\u021bilor \u0219i organiza\u021biilor locale.<\/li><li>&#8211; Beneficiile mai mari aduse de con\u0219tientizarea \u00eembun\u0103t\u0103\u021bit\u0103 a publicului pentru dezvoltarea durabil\u0103 economic\u0103 \u0219i social\u0103 a zonei.<\/li><\/ul><p>\u00a0 \u00a0 \u00a0 \u00a0 \u00a0 Astfel, proiectul contribuie la atingerea obiectivului specific al M\u0103surii 3: \u201epunerea \u00een valoare a patrimoniului cultural\/ natural, inclusiv a<\/p><p>pescuitului, acvaculturii \u0219i a patrimoniului cultural maritim din zona de pescuit \u0219i acvacultura (t\u00e2rguri, expozi\u021bii, festivaluri, publica\u021bii etc. cu specific pesc\u0103resc, alte ac\u021biuni de promovare, campanii etc)\u201d.<\/p><\/div>\t\t\t\t\t\t<\/div>\n\t\t\t\t<\/div>\n\t\t        <\/div>\n        <\/div>\n        \t\t        <\/div>\n        <\/section>\n\t\t        <section class=\"elementor-section elementor-top-section elementor-element elementor-element-2b22227 elementor-section-boxed elementor-section-height-default elementor-section-height-default\" data-id=\"2b22227\" data-element_type=\"section\">\n\t\t\n\t\t        <div class=\"elementor-container elementor-column-gap-default \" >\n\t\t        <div class=\"elementor-column elementor-col-100 elementor-top-column elementor-element elementor-element-6f08e6a\" data-id=\"6f08e6a\" data-element_type=\"column\">\n        <div class=\"elementor-widget-wrap elementor-element-populated\">\n                        \t\t<div class=\"elementor-element elementor-element-b1804de elementor-widget elementor-widget-text-editor\" data-id=\"b1804de\" data-element_type=\"widget\" data-widget_type=\"text-editor.default\">\n\t\t\t\t<div class=\"elementor-widget-container\">\n\t\t\t\t\t\t\t<h4><strong>OBIECTIVELE PROIECTULUI<\/strong><\/h4><div><p><strong>Obiectivul general al proiectului<\/strong><\/p><p>\u00a0 \u00a0 \u00a0 \u00a0 Zona pesc\u0103reasc\u0103 Prut &#8211; Dun\u0103re Gala\u021bi a reprezentat de-a lungul timpului, reprezent\u00e2nd \u00een continuare un punct important de tradi\u021bie pe harta sectorului pesc\u0103resc din Rom\u00e2nia. Plec\u00e2nd de la acest argument este foarte important ca aceast\u0103 zon\u0103 s\u0103 r\u0103m\u00e2n\u0103 de tradi\u021bie \u00een cadrul piscicol prin valorificarea resurselor de care dispune \u0219i prin care s\u0103 se asigure o dezvoltare sustenabil\u0103 a zonei, un rol important fiind jucat de factorul uman implicat.<\/p><p>\u00a0 \u00a0 \u00a0 \u00a0 Scopul proiectului este reprezentat de sprijinirea dezvolt\u0103rii durabile a zonei pesc\u0103re\u0219ti, care s\u0103 permit\u0103 diversificarea activit\u0103\u021bilor desf\u0103\u0219urate.<\/p><p>\u00a0 \u00a0 \u00a0 \u00a0 \u00a0 Obiectivul general al proiectului este de a promova \u021ainutul de Nord al zonei pesc\u0103re\u0219ti Prut \u2013 Dun\u0103re Gala\u021bi, format din comunit\u0103\u021bile:<\/p><ul><li>\u00a0\u00a0\u00a0\u00a0\u00a0\u00a0\u00a0\u00a0\u00a0\u00a0\u00a0 &#8211; Cavadine\u0219ti,<\/li><li>\u00a0\u00a0\u00a0\u00a0\u00a0\u00a0\u00a0\u00a0\u00a0\u00a0\u00a0 &#8211; Suceveni,<\/li><li>\u00a0\u00a0\u00a0\u00a0\u00a0\u00a0\u00a0\u00a0\u00a0\u00a0\u00a0 &#8211; Oancea,<\/li><li>\u00a0\u00a0\u00a0\u00a0\u00a0\u00a0\u00a0\u00a0\u00a0\u00a0\u00a0 &#8211; Vl\u0103de\u0219ti,<\/li><\/ul><p>prin informarea, con\u0219tientizarea \u0219i implicarea comunit\u0103\u021bilor locale mai sus amintite \u00een activit\u0103\u021bi menite s\u0103 pun\u0103 \u00een valoare patrimoniul socio-cultural \u0219i natural local, inclusiv a pescuitului \u0219i a acvaculturii locale prin realizarea \u0219i organizarea unui Festival Gastronomic cu specific pesc\u0103resc cu numele \u201dCU PE\u0218TELE`N BUCATE\u201d.<\/p><p><strong>Obiectivele specifice ale proiectului<\/strong><\/p><ol><li>Organizarea a cinci caravane de informare pe raza U.A.T.-urilor: Cavadine\u0219ti, Suceveni, Oancea, Vlade\u0219ti \u0219i Gala\u021bi pentru promovarea organiz\u0103rii Festivalului Gastronomic cu specific pesc\u0103resc &#8211; CU PE\u0218TELE`N BUCATE &#8211; din \u021ainutul de Nord al zonei pesc\u0103re\u0219ti Prut \u2013 Dun\u0103re Gala\u021bi;<\/li><li>Realizarea \u0219i difuzarea de materiale de informare pe teme precum turismul natural local, turismul monumentelor socio-culturale locale, tradi\u021biile \u0219i gastronomia local\u0103;<\/li><li>Conservarea identit\u0103\u021bii locale \u0219i promovarea \u021ainutului de Nord al zonei pesc\u0103re\u0219ti Prut \u2013 Dun\u0103re Gala\u021bi prin organizarea Festivalului Gastronomic cu specific pesc\u0103resc &#8211; CU PE\u0218TELE`N BUCATE.<\/li><\/ol><p><strong>\u00a0<\/strong><\/p><\/div>\t\t\t\t\t\t<\/div>\n\t\t\t\t<\/div>\n\t\t        <\/div>\n        <\/div>\n        \t\t        <\/div>\n        <\/section>\n\t\t        <section class=\"elementor-section elementor-top-section elementor-element elementor-element-282951c elementor-section-boxed elementor-section-height-default elementor-section-height-default\" data-id=\"282951c\" data-element_type=\"section\">\n\t\t\n\t\t        <div class=\"elementor-container elementor-column-gap-default \" >\n\t\t        <div class=\"elementor-column elementor-col-100 elementor-top-column elementor-element elementor-element-e64ee11\" data-id=\"e64ee11\" data-element_type=\"column\">\n        <div class=\"elementor-widget-wrap elementor-element-populated\">\n                        \t\t<div class=\"elementor-element elementor-element-7ecaef6 elementor-widget elementor-widget-text-editor\" data-id=\"7ecaef6\" data-element_type=\"widget\" data-widget_type=\"text-editor.default\">\n\t\t\t\t<div class=\"elementor-widget-container\">\n\t\t\t\t\t\t\t<h4><strong>REZULTATE PREVIZIONATE<\/strong><\/h4><p>\u00a0<\/p><ol><li>Implementarea cu succes a activit\u0103\u021bilor proiectului;<\/li><li>Cre\u0219terea gradului de con\u0219tientizare \u0219i de acces al publicului la activit\u0103\u021bile proiectului prin transmiterea a dou\u0103 comunicate de pres\u0103 privind lansarea proiectului \u0219i finalizarea acestuia, precum \u0219i realizarea unei conferin\u021be de pres\u0103 ini\u021biale \u0219i a uneia finale.<\/li><li>Cre\u0219terea gradului de con\u0219tientizare al publicului asupra activit\u0103\u021bilor proiectului \u0219i diseminarea rezultatelor proiectului prin realizarea urm\u0103toarelor materiale de promovare personalizate:<\/li><\/ol><ul><li>&#8211; 550 cutii cadou personalizate proiect<\/li><li>&#8211; 550 tricouri personalizate proiect<\/li><li>&#8211; 550 pixuri metalice personalizate proiect<\/li><li>&#8211; 550 insigne personalizate proiect<\/li><li>&#8211; 550 bro\u0219uri A5<\/li><li>&#8211; 1.650 pliante A4<\/li><li>&#8211; 50 postere A3<\/li><li>&#8211; 1 roll-up<\/li><li>&#8211; 1 banner stradal<\/li><li>&#8211; 1 panou informativ-proiect<\/li><\/ul><ol start=\"4\"><li>Cre\u0219terea gradului de con\u0219tientizare al publicului asupra activit\u0103\u021bilor proiectului prin realizarea, \u00eentre\u021binerea \u0219i actualizarea unei pagini web a proiectului;<\/li><li>Minim 550 de persoane din cadrul comunit\u0103\u021bii locale informate \u00een ceea ce prive\u0219te conservarea identit\u0103\u021bii locale \u0219i promovarea \u021ainutului de Nord al zonei pesc\u0103re\u0219ti Prut-Dun\u0103re Gala\u021bi;<\/li><li>Organizarea unui Festival Gastronomic cu specific pesc\u0103resc pe durata a 2 zile \u00een vederea conserv\u0103rii identit\u0103\u021bii locale \u0219i promovarea \u021ainutului de Nord al zonei pesc\u0103re\u0219ti Prut \u2013 Dun\u0103re Gala\u021bi;<\/li><li>Un raport de audit.<\/li><\/ol>\t\t\t\t\t\t<\/div>\n\t\t\t\t<\/div>\n\t\t        <\/div>\n        <\/div>\n        \t\t        <\/div>\n        <\/section>\n\t\t        <section class=\"elementor-section elementor-top-section elementor-element elementor-element-18d8552 elementor-section-boxed elementor-section-height-default elementor-section-height-default\" data-id=\"18d8552\" data-element_type=\"section\">\n\t\t\n\t\t        <div class=\"elementor-container elementor-column-gap-default \" >\n\t\t        <div class=\"elementor-column elementor-col-100 elementor-top-column elementor-element elementor-element-56b8a44\" data-id=\"56b8a44\" data-element_type=\"column\">\n        <div class=\"elementor-widget-wrap elementor-element-populated\">\n                        \t\t<div class=\"elementor-element elementor-element-cbf5711 elementor-widget elementor-widget-text-editor\" data-id=\"cbf5711\" data-element_type=\"widget\" data-widget_type=\"text-editor.default\">\n\t\t\t\t<div class=\"elementor-widget-container\">\n\t\t\t\t\t\t\t<h4><strong>VALOAREA FINANCIAR\u0102 A PROIECTULUI<\/strong><\/h4><p>Valoarea total\u0103 a contractului de finan\u021bare este de 107.563,48 lei, dup\u0103 cum urmeaz\u0103:<\/p><ul><li>&#8211; Valoarea total\u0103 eligibil\u0103:\u00a0 \u00a0 \u00a0 \u00a0 \u00a0 \u00a0 \u00a0 \u00a0 \u00a0 \u00a0 \u00a0 \u00a0 \u00a0 \u00a0 \u00a0 \u00a0 \u00a0 \u00a0 \u00a0 \u00a0 \u00a0 \u00a0&#8211; 107.563,48 lei<\/li><li>&#8211; Valoarea nerambursabil\u0103 din FEPAM:\u00a0 \u00a0 \u00a0 \u00a0 \u00a0 \u00a0 \u00a0 \u00a0 \u00a0 \u00a0 &#8211;\u00a0\u00a0 72.556,94 lei<\/li><li>&#8211; Valoarea nerambursabil\u0103 din bugetul na\u021bional:\u00a0\u00a0\u00a0 &#8211;\u00a0\u00a0 24.185,65 lei<\/li><li>&#8211; Valoarea cofinan\u021b\u0103rii eligibile a beneficiarului:\u00a0\u00a0\u00a0\u00a0 &#8211;\u00a0\u00a0 18.820,89 lei<\/li><li>\u00a0<\/li><\/ul><h4><strong>PERIOADA DE IMPLEMENTARE A PROIECTULUI<\/strong><\/h4><p>\u00a0 \u00a0 \u00a0 \u00a0 Perioada de implementare a proiectului este de opt luni \u0219i dou\u0103 s\u0103pt\u0103m\u00e2ni, cu \u00eencepere de la data de 17 martie 2023 &#8211; data semn\u0103rii contractului de finan\u021bare &#8211; \u0219i p\u00e2n\u0103 la data de 31 decembrie 2023 &#8211; data c\u00e2nd toate activit\u0103\u021bile care trebuiesc a fi efectuate \u00een cadrul proiectului trebuie s\u0103 fie finalizate.<\/p><p>\u00a0 \u00a0 \u00a0 \u00a0 \u00cen aceast\u0103 perioad\u0103 vor fi organizate dou\u0103 conferin\u021be de pres\u0103, una la \u00eenceputul implement\u0103rii proiectului \u0219i una la sf\u00e2r\u0219itul perioadei de implementare a proiectului.<\/p><h4>\u00a0<\/h4><h4><strong>GRUPUL \u021aINT\u0102<\/strong><\/h4><p>&#8211; 550 de persoane con\u0219tientizate \u0219i informate \u00een ceea ce prive\u0219te conservarea \u0219i promovarea patrimoniului socio-cultural \u0219i natural local precum \u0219i organizarea Festivalului Gastronomic cu specific pesc\u0103resc din \u021ainutul de Nord al zonei pesc\u0103re\u0219ti Prut \u2013 Dun\u0103re Gala\u021bi &#8211; \u201dCU PE\u0218TELE`N BUCATE\u201d.<\/p><p>&#8211; 700 de persoane participante la Festivalul Gastronomic cu specific pesc\u0103resc &#8211; CU PE\u0218TELE`N BUCATE &#8211; din \u021ainutul de Nord al zonei pesc\u0103re\u0219ti Prut \u2013 Dun\u0103re Gala\u021bi.<\/p><p>\u00a0<\/p><p>\u00a0<\/p>\t\t\t\t\t\t<\/div>\n\t\t\t\t<\/div>\n\t\t        <\/div>\n        <\/div>\n        \t\t        <\/div>\n        <\/section>\n\t\t\t\t\t\t\t<\/div>\n\t\t","protected":false},"excerpt":{"rendered":"<p>LOCALIZAREA PROIECTULUI \u00a0 Proiectul se va implementa \u00een zona pesc\u0103reasc\u0103 Prut &#8211; Dun\u0103re Gala\u021bi, organizarea caravanelor de informare realiz\u00e2ndu-se pe teritoriul a cinci UAT-uri: Cavadine\u0219ti, Suceveni, Oancea, Vlade\u0219ti \u0219i municipiul Gala\u021bi. GENERALITA\u021aI \u00a0 \u00a0 \u00a0 \u00a0 \u00a0 \u00a0 \u00a0 Dezvoltarea economic\u0103 \u00een special, ca orice alt tip de dezvoltare, necesit\u0103 m\u0103suri de eficientizare a resursei [&hellip;]<\/p>\n","protected":false},"author":1,"featured_media":0,"parent":0,"menu_order":0,"comment_status":"closed","ping_status":"closed","template":"","meta":{"footnotes":""},"_links":{"self":[{"href":"https:\/\/proecotur.ro\/festival-gastronomic\/wp-json\/wp\/v2\/pages\/17009"}],"collection":[{"href":"https:\/\/proecotur.ro\/festival-gastronomic\/wp-json\/wp\/v2\/pages"}],"about":[{"href":"https:\/\/proecotur.ro\/festival-gastronomic\/wp-json\/wp\/v2\/types\/page"}],"author":[{"embeddable":true,"href":"https:\/\/proecotur.ro\/festival-gastronomic\/wp-json\/wp\/v2\/users\/1"}],"replies":[{"embeddable":true,"href":"https:\/\/proecotur.ro\/festival-gastronomic\/wp-json\/wp\/v2\/comments?post=17009"}],"version-history":[{"count":109,"href":"https:\/\/proecotur.ro\/festival-gastronomic\/wp-json\/wp\/v2\/pages\/17009\/revisions"}],"predecessor-version":[{"id":17896,"href":"https:\/\/proecotur.ro\/festival-gastronomic\/wp-json\/wp\/v2\/pages\/17009\/revisions\/17896"}],"wp:attachment":[{"href":"https:\/\/proecotur.ro\/festival-gastronomic\/wp-json\/wp\/v2\/media?parent=17009"}],"curies":[{"name":"wp","href":"https:\/\/api.w.org\/{rel}","templated":true}]}}